{"id":92,"date":"2013-07-07T11:29:39","date_gmt":"2013-07-07T08:29:39","guid":{"rendered":"http:\/\/www.lansirajanrasti.fi\/wordpress\/?page_id=92"},"modified":"2013-07-07T11:36:45","modified_gmt":"2013-07-07T08:36:45","slug":"rajarastit-2004","status":"publish","type":"page","link":"http:\/\/www.lansirajanrasti.fi\/wordpress\/kuntosuunnistus\/arkisto\/rajarastit-2004\/","title":{"rendered":"Rajarastit 2004"},"content":{"rendered":"<table width=\"54%\" border=\"0\">\n<tbody>\n<tr>\n<td align=\"center\" width=\"10%\" height=\"21\">PVM<\/td>\n<td align=\"left\" width=\"30%\" height=\"21\">Kartta<\/td>\n<\/tr>\n<tr>\n<td align=\"center\" width=\"10%\" height=\"20\">4.5<\/td>\n<td align=\"left\" width=\"30%\" height=\"20\">\n<p align=\"left\">Niuro<\/p>\n<\/td>\n<\/tr>\n<tr>\n<td align=\"center\" width=\"10%\" height=\"15\">11.5<\/td>\n<td align=\"left\" width=\"30%\" height=\"15\"><a href=\"http:\/\/www.lansirajanrasti.fi\/arkisto\/rajarastit\/2004\/t11052004.html\" target=\"_blank\">Matarengi<\/a><\/td>\n<\/tr>\n<tr>\n<td align=\"center\" width=\"10%\" height=\"21\">18.5<\/td>\n<td align=\"left\" width=\"30%\" height=\"21\"><a href=\"http:\/\/www.lansirajanrasti.fi\/arkisto\/rajarastit\/2004\/t18052004.html\" target=\"_blank\">Poikkilahti<\/a><\/td>\n<\/tr>\n<tr>\n<td align=\"center\" width=\"10%\" height=\"21\">25.5<\/td>\n<td align=\"left\" width=\"30%\" height=\"21\"><a href=\"http:\/\/www.lansirajanrasti.fi\/arkisto\/rajarastit\/2004\/t25052004.html\" target=\"_blank\">Matarengi<\/a><\/td>\n<\/tr>\n<tr>\n<td align=\"center\" width=\"10%\" height=\"21\">1.6<\/td>\n<td align=\"left\" width=\"30%\" height=\"21\">Ehovaara<\/td>\n<\/tr>\n<tr>\n<td align=\"center\" width=\"10%\" height=\"19\">8.6<\/td>\n<td align=\"left\" width=\"30%\" height=\"19\"><a href=\"http:\/\/www.lansirajanrasti.fi\/arkisto\/rajarastit\/2004\/t08062004.html\" target=\"_blank\">Ainiovaara\u00a0<\/a>(Jyppyr\u00e4 \/ Laatas)<\/td>\n<\/tr>\n<tr>\n<td align=\"center\" width=\"10%\" height=\"21\">15.6<\/td>\n<td align=\"left\" width=\"30%\" height=\"21\"><a href=\"http:\/\/www.lansirajanrasti.fi\/arkisto\/rajarastit\/2004\/t15062004.html\" target=\"_blank\">Kiimavaara<\/a><\/td>\n<\/tr>\n<tr>\n<td align=\"center\" width=\"10%\" height=\"21\">22.6<\/td>\n<td align=\"left\" width=\"30%\" height=\"21\"><a title=\"Rajarastit 2006\" href=\"http:\/\/www.lansirajanrasti.fi\/arkisto\/rajarastit\/2004\/t22062004.html\" target=\"_blank\">Rev\u00e4svaara, etel\u00e4p\u00e4\u00e4<\/a><\/td>\n<\/tr>\n<tr>\n<td align=\"center\" width=\"10%\" height=\"21\">29.6<\/td>\n<td align=\"left\" width=\"30%\" height=\"21\"><a href=\"http:\/\/www.lansirajanrasti.fi\/arkisto\/rajarastit\/2004\/t29062004.html\" target=\"_blank\">Ehovaara<\/a><\/td>\n<\/tr>\n<tr>\n<td align=\"center\" width=\"10%\" height=\"20\">13.7<\/td>\n<td align=\"left\" width=\"30%\" height=\"20\"><a href=\"http:\/\/www.lansirajanrasti.fi\/arkisto\/rajarastit\/2004\/t13072004.html\" target=\"_blank\">Kiimavaara<\/a><\/td>\n<\/tr>\n<tr>\n<td align=\"center\" width=\"10%\" height=\"22\">20.7<\/td>\n<td align=\"left\" width=\"30%\" height=\"22\"><a href=\"http:\/\/www.lansirajanrasti.fi\/arkisto\/rajarastit\/2004\/t20072004.html\" target=\"_blank\">Kainuunkyl\u00e4<\/a><\/td>\n<\/tr>\n<tr>\n<td align=\"center\" width=\"10%\" height=\"21\">27.7<\/td>\n<td align=\"left\" width=\"30%\" height=\"21\"><a href=\"http:\/\/www.lansirajanrasti.fi\/arkisto\/rajarastit\/2004\/t27072004.html\" target=\"_blank\">Ehovaara<\/a><\/td>\n<\/tr>\n<tr>\n<td align=\"center\" width=\"10%\" height=\"21\">3.8<\/td>\n<td align=\"left\" width=\"30%\" height=\"21\"><a href=\"http:\/\/www.lansirajanrasti.fi\/arkisto\/rajarastit\/2004\/t03082004.html\" target=\"_blank\">Rovavaara<\/a><\/td>\n<\/tr>\n<tr>\n<td align=\"center\" width=\"10%\" height=\"21\">10.8<\/td>\n<td align=\"left\" width=\"30%\" height=\"21\"><a href=\"http:\/\/www.lansirajanrasti.fi\/arkisto\/rajarastit\/2004\/t10082004.html\" target=\"_blank\">Ainiovaara<\/a><\/td>\n<\/tr>\n<tr>\n<td align=\"center\" width=\"10%\" height=\"21\">17.8<\/td>\n<td align=\"left\" width=\"30%\" height=\"21\"><a href=\"http:\/\/www.lansirajanrasti.fi\/arkisto\/rajarastit\/2004\/t17082004.html\" target=\"_blank\">Ainiovaara\u00a0<\/a>(Jyppyr\u00e4 \/ Laatas)<\/td>\n<\/tr>\n<tr>\n<td align=\"center\" width=\"10%\" height=\"21\">24.8<\/td>\n<td align=\"left\" width=\"30%\" height=\"21\"><a href=\"http:\/\/www.lansirajanrasti.fi\/arkisto\/rajarastit\/2004\/t24082004.html\" target=\"_blank\">Ainiovaara<\/a><\/td>\n<\/tr>\n<tr>\n<td align=\"center\" width=\"10%\" height=\"21\">31.8<\/td>\n<td align=\"left\" width=\"30%\" height=\"21\">Matarengi<\/td>\n<\/tr>\n<tr>\n<td align=\"center\" width=\"10%\" height=\"21\">la 4.9<\/td>\n<td align=\"left\" width=\"30%\" height=\"21\"><a href=\"http:\/\/www.lansirajanrasti.fi\/arkisto\/rajarastit\/2004\/t04092004.html\" target=\"_blank\">Ainiovaara<\/a><\/td>\n<\/tr>\n<\/tbody>\n<\/table>\n","protected":false},"excerpt":{"rendered":"<p>PVM Kartta 4.5 Niuro 11.5 Matarengi 18.5 Poikkilahti 25.5 Matarengi 1.6 Ehovaara 8.6 Ainiovaara\u00a0(Jyppyr\u00e4 \/ Laatas) 15.6 Kiimavaara 22.6 Rev\u00e4svaara, etel\u00e4p\u00e4\u00e4 29.6 Ehovaara 13.7 Kiimavaara 20.7 Kainuunkyl\u00e4 27.7 Ehovaara 3.8 Rovavaara 10.8 Ainiovaara 17.8 Ainiovaara\u00a0(Jyppyr\u00e4 \/ Laatas) 24.8 Ainiovaara 31.8 Matarengi la 4.9 Ainiovaara<\/p>\n","protected":false},"author":4,"featured_media":0,"parent":61,"menu_order":9,"comment_status":"closed","ping_status":"open","template":"","meta":{"footnotes":""},"_links":{"self":[{"href":"http:\/\/www.lansirajanrasti.fi\/wordpress\/wp-json\/wp\/v2\/pages\/92"}],"collection":[{"href":"http:\/\/www.lansirajanrasti.fi\/wordpress\/wp-json\/wp\/v2\/pages"}],"about":[{"href":"http:\/\/www.lansirajanrasti.fi\/wordpress\/wp-json\/wp\/v2\/types\/page"}],"author":[{"embeddable":true,"href":"http:\/\/www.lansirajanrasti.fi\/wordpress\/wp-json\/wp\/v2\/users\/4"}],"replies":[{"embeddable":true,"href":"http:\/\/www.lansirajanrasti.fi\/wordpress\/wp-json\/wp\/v2\/comments?post=92"}],"version-history":[{"count":2,"href":"http:\/\/www.lansirajanrasti.fi\/wordpress\/wp-json\/wp\/v2\/pages\/92\/revisions"}],"predecessor-version":[{"id":104,"href":"http:\/\/www.lansirajanrasti.fi\/wordpress\/wp-json\/wp\/v2\/pages\/92\/revisions\/104"}],"up":[{"embeddable":true,"href":"http:\/\/www.lansirajanrasti.fi\/wordpress\/wp-json\/wp\/v2\/pages\/61"}],"wp:attachment":[{"href":"http:\/\/www.lansirajanrasti.fi\/wordpress\/wp-json\/wp\/v2\/media?parent=92"}],"curies":[{"name":"wp","href":"https:\/\/api.w.org\/{rel}","templated":true}]}}