{"id":90,"date":"2013-07-07T11:25:11","date_gmt":"2013-07-07T08:25:11","guid":{"rendered":"http:\/\/www.lansirajanrasti.fi\/wordpress\/?page_id=90"},"modified":"2013-07-07T11:36:32","modified_gmt":"2013-07-07T08:36:32","slug":"rajarastit-2005","status":"publish","type":"page","link":"http:\/\/www.lansirajanrasti.fi\/wordpress\/kuntosuunnistus\/arkisto\/rajarastit-2005\/","title":{"rendered":"Rajarastit 2005"},"content":{"rendered":"<table width=\"800\" border=\"0\">\n<tbody>\n<tr>\n<td align=\"left\">P\u00e4iv\u00e4ys<\/td>\n<td align=\"left\"><strong>Kartta<\/strong><\/td>\n<\/tr>\n<tr>\n<td align=\"left\" width=\"113\">3.5.2005<\/td>\n<td align=\"left\">Niuro<\/td>\n<\/tr>\n<tr>\n<td align=\"left\" width=\"113\">10.5.2005<\/td>\n<td align=\"left\"><a href=\"http:\/\/www.lansirajanrasti.fi\/arkisto\/rajarastit\/2005\/t10052005.htm\" target=\"_blank\">S\u00e4rkivaara<\/a><\/td>\n<\/tr>\n<tr>\n<td align=\"left\" width=\"113\">17.5.2005<\/td>\n<td align=\"left\"><a href=\"http:\/\/www.lansirajanrasti.fi\/arkisto\/rajarastit\/2005\/t17052005.htm\" target=\"_blank\">Poikkilahti<\/a><\/td>\n<\/tr>\n<tr>\n<td align=\"left\" width=\"113\">24.5.2005<\/td>\n<td align=\"left\"><a href=\"http:\/\/www.lansirajanrasti.fi\/arkisto\/rajarastit\/2005\/t24052005.htm\" target=\"_blank\">Matarengi<\/a><\/td>\n<\/tr>\n<tr>\n<td align=\"left\" width=\"113\">31.5.2005<\/td>\n<td align=\"left\"><a href=\"http:\/\/www.lansirajanrasti.fi\/arkisto\/rajarastit\/2005\/t31052005.htm\" target=\"_blank\">Kiimavaara<\/a><\/td>\n<\/tr>\n<tr>\n<td align=\"left\" width=\"113\">7.6.2005<\/td>\n<td align=\"left\"><a href=\"http:\/\/www.lansirajanrasti.fi\/arkisto\/rajarastit\/2005\/t07062005.htm\" target=\"_blank\">Kainuunkyl\u00e4<\/a><\/td>\n<\/tr>\n<tr>\n<td align=\"left\" width=\"113\">14.6.2005<\/td>\n<td align=\"left\"><a href=\"http:\/\/www.lansirajanrasti.fi\/arkisto\/rajarastit\/2005\/t14062005.htm\" target=\"_blank\">Ehovaara<\/a><\/td>\n<\/tr>\n<tr>\n<td align=\"left\" width=\"113\">21.6.2005<\/td>\n<td align=\"left\"><a href=\"http:\/\/www.lansirajanrasti.fi\/arkisto\/rajarastit\/2005\/t21062005.htm\" target=\"_blank\">Viisavaara<\/a><\/td>\n<\/tr>\n<tr>\n<td align=\"left\" width=\"113\">28.6.2005<\/td>\n<td align=\"left\">Rev\u00e4svaara pohjoisp\u00e4\u00e4\u00a0(peruttu)<\/td>\n<\/tr>\n<tr>\n<td align=\"left\" width=\"113\">5.7.2005<\/td>\n<td align=\"left\"><a href=\"http:\/\/www.lansirajanrasti.fi\/arkisto\/rajarastit\/2005\/t05072005.htm\" target=\"_blank\">Rev\u00e4svaara<\/a><\/td>\n<\/tr>\n<tr>\n<td align=\"left\" width=\"113\">12.7.2005<\/td>\n<td align=\"left\"><a href=\"http:\/\/www.lansirajanrasti.fi\/arkisto\/rajarastit\/2005\/t12072005.htm\" target=\"_blank\">Kiimavaara<\/a><\/td>\n<\/tr>\n<tr>\n<td align=\"left\" width=\"113\">19.7.2005<\/td>\n<td align=\"left\">Rev\u00e4svaara etel\u00e4p\u00e4\u00e4<\/td>\n<\/tr>\n<tr>\n<td align=\"left\" width=\"113\">26.7.2005<\/td>\n<td align=\"left\"><a href=\"http:\/\/www.lansirajanrasti.fi\/arkisto\/rajarastit\/2005\/t26072005.htm\" target=\"_blank\">Kainuunkyl\u00e4<\/a><\/td>\n<\/tr>\n<tr>\n<td align=\"left\" width=\"113\">2.8.2005<\/td>\n<td align=\"left\"><a href=\"http:\/\/www.lansirajanrasti.fi\/arkisto\/rajarastit\/2005\/t02082005.htm\" target=\"_blank\">Rovavaara<\/a><\/td>\n<\/tr>\n<tr>\n<td align=\"left\" width=\"113\">9.8.2005<\/td>\n<td align=\"left\"><a href=\"http:\/\/www.lansirajanrasti.fi\/arkisto\/rajarastit\/2005\/t09082005.htm\" target=\"_blank\">Ainiovaara<\/a><\/td>\n<\/tr>\n<tr>\n<td align=\"left\" width=\"113\">16.8.2005<\/td>\n<td align=\"left\"><a href=\"http:\/\/www.lansirajanrasti.fi\/arkisto\/rajarastit\/2005\/t16082005.htm\" target=\"_blank\">Kainuunkyl\u00e4<\/a><\/td>\n<\/tr>\n<tr>\n<td align=\"left\" width=\"113\">23.8.2005<\/td>\n<td align=\"left\"><a href=\"http:\/\/www.lansirajanrasti.fi\/arkisto\/rajarastit\/2005\/t23082005.htm\" target=\"_blank\">Ehovaara<\/a><\/td>\n<\/tr>\n<tr>\n<td align=\"left\" width=\"113\">30.8.2005<\/td>\n<td align=\"left\">Matarengi (y\u00f6suunnistus)<\/td>\n<\/tr>\n<tr>\n<td align=\"left\" width=\"113\">6.9.2005<\/td>\n<td align=\"left\">Ainiovaara<\/td>\n<\/tr>\n<\/tbody>\n<\/table>\n","protected":false},"excerpt":{"rendered":"<p>P\u00e4iv\u00e4ys Kartta 3.5.2005 Niuro 10.5.2005 S\u00e4rkivaara 17.5.2005 Poikkilahti 24.5.2005 Matarengi 31.5.2005 Kiimavaara 7.6.2005 Kainuunkyl\u00e4 14.6.2005 Ehovaara 21.6.2005 Viisavaara 28.6.2005 Rev\u00e4svaara pohjoisp\u00e4\u00e4\u00a0(peruttu) 5.7.2005 Rev\u00e4svaara 12.7.2005 Kiimavaara 19.7.2005 Rev\u00e4svaara etel\u00e4p\u00e4\u00e4 26.7.2005 Kainuunkyl\u00e4 2.8.2005 Rovavaara 9.8.2005 Ainiovaara 16.8.2005 Kainuunkyl\u00e4 23.8.2005 Ehovaara 30.8.2005 Matarengi (y\u00f6suunnistus) 6.9.2005 Ainiovaara<\/p>\n","protected":false},"author":4,"featured_media":0,"parent":61,"menu_order":8,"comment_status":"closed","ping_status":"open","template":"","meta":{"footnotes":""},"_links":{"self":[{"href":"http:\/\/www.lansirajanrasti.fi\/wordpress\/wp-json\/wp\/v2\/pages\/90"}],"collection":[{"href":"http:\/\/www.lansirajanrasti.fi\/wordpress\/wp-json\/wp\/v2\/pages"}],"about":[{"href":"http:\/\/www.lansirajanrasti.fi\/wordpress\/wp-json\/wp\/v2\/types\/page"}],"author":[{"embeddable":true,"href":"http:\/\/www.lansirajanrasti.fi\/wordpress\/wp-json\/wp\/v2\/users\/4"}],"replies":[{"embeddable":true,"href":"http:\/\/www.lansirajanrasti.fi\/wordpress\/wp-json\/wp\/v2\/comments?post=90"}],"version-history":[{"count":4,"href":"http:\/\/www.lansirajanrasti.fi\/wordpress\/wp-json\/wp\/v2\/pages\/90\/revisions"}],"predecessor-version":[{"id":103,"href":"http:\/\/www.lansirajanrasti.fi\/wordpress\/wp-json\/wp\/v2\/pages\/90\/revisions\/103"}],"up":[{"embeddable":true,"href":"http:\/\/www.lansirajanrasti.fi\/wordpress\/wp-json\/wp\/v2\/pages\/61"}],"wp:attachment":[{"href":"http:\/\/www.lansirajanrasti.fi\/wordpress\/wp-json\/wp\/v2\/media?parent=90"}],"curies":[{"name":"wp","href":"https:\/\/api.w.org\/{rel}","templated":true}]}}