{"id":88,"date":"2013-07-07T11:21:10","date_gmt":"2013-07-07T08:21:10","guid":{"rendered":"http:\/\/www.lansirajanrasti.fi\/wordpress\/?page_id=88"},"modified":"2013-07-07T11:36:16","modified_gmt":"2013-07-07T08:36:16","slug":"rajarastit-2006","status":"publish","type":"page","link":"http:\/\/www.lansirajanrasti.fi\/wordpress\/kuntosuunnistus\/arkisto\/rajarastit-2006\/","title":{"rendered":"Rajarastit 2006"},"content":{"rendered":"<table width=\"350\" border=\"0\" cellpadding=\"0\">\n<tbody>\n<tr>\n<td width=\"90\">2.5.2006<\/td>\n<td width=\"270\">Niuro<\/td>\n<td valign=\"top\"><\/td>\n<td><\/td>\n<\/tr>\n<tr>\n<td width=\"90\">9.5.2006<\/td>\n<td width=\"270\">S\u00e4rkivaara<\/td>\n<td><\/td>\n<td><\/td>\n<\/tr>\n<tr>\n<td width=\"90\">16.5.2006<\/td>\n<td width=\"270\">Poikkilahti<\/td>\n<td><a href=\"http:\/\/www.lansirajanrasti.fi\/arkisto\/rajarastit\/2006\/t16052006.htm\">Tulokset<\/a><\/td>\n<td><\/td>\n<\/tr>\n<tr>\n<td width=\"90\">23.5.2006<\/td>\n<td width=\"270\">Matarengi<\/td>\n<td><\/td>\n<td><\/td>\n<\/tr>\n<tr>\n<td width=\"90\">30.5.2006<\/td>\n<td width=\"270\">Ehovaara<\/td>\n<td><a href=\"http:\/\/www.lansirajanrasti.fi\/arkisto\/rajarastit\/2006\/t30052006.htm\">Tulokset<\/a><\/td>\n<td><\/td>\n<\/tr>\n<tr>\n<td width=\"90\">6.6.2006<\/td>\n<td width=\"270\">Viisavaara<\/td>\n<td><a href=\"http:\/\/www.lansirajanrasti.fi\/arkisto\/rajarastit\/2006\/t06062006.htm\">Tulokset<\/a><\/td>\n<td><\/td>\n<\/tr>\n<tr>\n<td width=\"90\">13.6.2006<\/td>\n<td width=\"270\">Ainiovaara<\/td>\n<td><a href=\"http:\/\/www.lansirajanrasti.fi\/arkisto\/rajarastit\/2006\/t13062006.htm\" target=\"_blank\">Tulokset<\/a><\/td>\n<td><a href=\"http:\/\/www.lansirajanrasti.fi\/arkisto\/rajarastit\/2006\/v13062006.htm\" target=\"_blank\">V\u00e4liajat<\/a><\/td>\n<\/tr>\n<tr>\n<td width=\"90\">20.6.2006<\/td>\n<td width=\"270\">Ainiovaara<\/td>\n<td valign=\"top\"><a href=\"http:\/\/www.lansirajanrasti.fi\/arkisto\/rajarastit\/2006\/t20062006.htm\" target=\"_blank\">Tulokset<\/a><\/td>\n<td><a href=\"http:\/\/www.lansirajanrasti.fi\/arkisto\/rajarastit\/2006\/v20062006.htm\" target=\"_blank\">V\u00e4liajat<\/a><\/td>\n<\/tr>\n<tr>\n<td width=\"90\">27.6.2006<\/td>\n<td width=\"270\">Kainuunkyl\u00e4<\/td>\n<td valign=\"top\"><\/td>\n<td><\/td>\n<\/tr>\n<tr>\n<td width=\"90\">4.7.2006<\/td>\n<td width=\"270\">Kiimavaara<\/td>\n<td valign=\"top\"><a href=\"http:\/\/www.lansirajanrasti.fi\/arkisto\/rajarastit\/2006\/t04072006.htm\" target=\"_blank\">Tulokset<\/a><\/td>\n<td><a href=\"http:\/\/www.lansirajanrasti.fi\/arkisto\/rajarastit\/2006\/v04072006.htm\" target=\"_blank\">V\u00e4liajat<\/a><\/td>\n<\/tr>\n<tr>\n<td width=\"90\">11.7.2006<\/td>\n<td width=\"270\">Jyppyr\u00e4<\/td>\n<td valign=\"top\"><a href=\"http:\/\/www.lansirajanrasti.fi\/arkisto\/rajarastit\/2006\/t11072006.htm\" target=\"_blank\">Tulokset<\/a><\/td>\n<td><\/td>\n<\/tr>\n<tr>\n<td width=\"90\">18.7.2006<\/td>\n<td width=\"270\">Rev\u00e4svaara etel\u00e4p\u00e4\u00e4<\/td>\n<td valign=\"top\"><a href=\"http:\/\/www.lansirajanrasti.fi\/arkisto\/rajarastit\/2006\/t18072006.htm\" target=\"_blank\">Tulokset<\/a><\/td>\n<td><a href=\"http:\/\/www.lansirajanrasti.fi\/arkisto\/rajarastit\/2006\/v18072006.htm\" target=\"_blank\">V\u00e4liajat<\/a><\/td>\n<\/tr>\n<tr>\n<td width=\"90\">25.7.2006<\/td>\n<td width=\"270\">Kainuunkyl\u00e4<\/td>\n<td valign=\"top\"><a href=\"http:\/\/www.lansirajanrasti.fi\/arkisto\/rajarastit\/2006\/t25072006.htm\" target=\"_blank\">Tulokset<\/a><\/td>\n<td><\/td>\n<\/tr>\n<tr>\n<td width=\"90\">1.8.2006<\/td>\n<td width=\"270\">Ehovaara<\/td>\n<td valign=\"top\"><\/td>\n<td><\/td>\n<\/tr>\n<tr>\n<td width=\"90\">8.8.2006<\/td>\n<td width=\"270\">Viisavaara<\/td>\n<td valign=\"top\"><a href=\"http:\/\/www.lansirajanrasti.fi\/arkisto\/rajarastit\/2006\/t08082006.htm\" target=\"_blank\">Tulokset<\/a><\/td>\n<td><\/td>\n<\/tr>\n<tr>\n<td width=\"90\">15.8.2006<\/td>\n<td width=\"270\">Ainiovaara<\/td>\n<td valign=\"top\"><\/td>\n<td><\/td>\n<\/tr>\n<tr>\n<td width=\"90\">22.8.2006<\/td>\n<td width=\"270\">Ehovaara<\/td>\n<td valign=\"top\"><\/td>\n<td><\/td>\n<\/tr>\n<tr>\n<td width=\"90\">perjantai<br \/>\n8.9.2006<\/td>\n<td width=\"270\">Matarengi (y\u00f6suunnistus)<\/td>\n<td valign=\"top\"><\/td>\n<td><\/td>\n<\/tr>\n<\/tbody>\n<\/table>\n","protected":false},"excerpt":{"rendered":"<p>2.5.2006 Niuro 9.5.2006 S\u00e4rkivaara 16.5.2006 Poikkilahti Tulokset 23.5.2006 Matarengi 30.5.2006 Ehovaara Tulokset 6.6.2006 Viisavaara Tulokset 13.6.2006 Ainiovaara Tulokset V\u00e4liajat 20.6.2006 Ainiovaara Tulokset V\u00e4liajat 27.6.2006 Kainuunkyl\u00e4 4.7.2006 Kiimavaara Tulokset V\u00e4liajat 11.7.2006 Jyppyr\u00e4 Tulokset 18.7.2006 Rev\u00e4svaara etel\u00e4p\u00e4\u00e4 Tulokset V\u00e4liajat 25.7.2006 Kainuunkyl\u00e4 Tulokset 1.8.2006 Ehovaara 8.8.2006 Viisavaara Tulokset 15.8.2006 Ainiovaara 22.8.2006 Ehovaara perjantai 8.9.2006 Matarengi (y\u00f6suunnistus)<\/p>\n","protected":false},"author":4,"featured_media":0,"parent":61,"menu_order":7,"comment_status":"closed","ping_status":"open","template":"","meta":{"footnotes":""},"_links":{"self":[{"href":"http:\/\/www.lansirajanrasti.fi\/wordpress\/wp-json\/wp\/v2\/pages\/88"}],"collection":[{"href":"http:\/\/www.lansirajanrasti.fi\/wordpress\/wp-json\/wp\/v2\/pages"}],"about":[{"href":"http:\/\/www.lansirajanrasti.fi\/wordpress\/wp-json\/wp\/v2\/types\/page"}],"author":[{"embeddable":true,"href":"http:\/\/www.lansirajanrasti.fi\/wordpress\/wp-json\/wp\/v2\/users\/4"}],"replies":[{"embeddable":true,"href":"http:\/\/www.lansirajanrasti.fi\/wordpress\/wp-json\/wp\/v2\/comments?post=88"}],"version-history":[{"count":2,"href":"http:\/\/www.lansirajanrasti.fi\/wordpress\/wp-json\/wp\/v2\/pages\/88\/revisions"}],"predecessor-version":[{"id":102,"href":"http:\/\/www.lansirajanrasti.fi\/wordpress\/wp-json\/wp\/v2\/pages\/88\/revisions\/102"}],"up":[{"embeddable":true,"href":"http:\/\/www.lansirajanrasti.fi\/wordpress\/wp-json\/wp\/v2\/pages\/61"}],"wp:attachment":[{"href":"http:\/\/www.lansirajanrasti.fi\/wordpress\/wp-json\/wp\/v2\/media?parent=88"}],"curies":[{"name":"wp","href":"https:\/\/api.w.org\/{rel}","templated":true}]}}