{"id":789,"date":"2018-06-07T22:38:17","date_gmt":"2018-06-07T19:38:17","guid":{"rendered":"http:\/\/www.lansirajanrasti.fi\/wordpress\/?page_id=789"},"modified":"2018-06-11T16:47:26","modified_gmt":"2018-06-11T13:47:26","slug":"lahtoajat","status":"publish","type":"page","link":"http:\/\/www.lansirajanrasti.fi\/wordpress\/kilpailut\/vanhat-kilpailut\/tornionlaakson-rastipaivat-2018\/lahtoajat\/","title":{"rendered":"L\u00e4ht\u00f6ajat ja tulokset &#8211; Startlist and results"},"content":{"rendered":"<p><strong>Tulokset<\/strong><\/p>\n<p>Lauantai<\/p>\n<ul>\n<li><a href=\"http:\/\/www.lansirajanrasti.fi\/wordpress\/wp-content\/uploads\/2018\/06\/la_tulokset.html\">Tulokset, lauantai<\/a><\/li>\n<li><a href=\"http:\/\/www.lansirajanrasti.fi\/wordpress\/wp-content\/uploads\/2018\/06\/la_vali.html\">V\u00e4liajat, lauantai<\/a><\/li>\n<\/ul>\n<p>Sunnuntai<\/p>\n<ul>\n<li><a href=\"http:\/\/www.lansirajanrasti.fi\/wordpress\/wp-content\/uploads\/2018\/06\/su_tulokset.html\">Tulokset, sunnuntai<\/a><\/li>\n<li><a href=\"http:\/\/www.lansirajanrasti.fi\/wordpress\/wp-content\/uploads\/2018\/06\/su_vali.html\">V\u00e4liajat, sunnuntai<\/a><\/li>\n<\/ul>\n<p>Yhteistulokset<\/p>\n<ul>\n<li><a href=\"http:\/\/www.lansirajanrasti.fi\/wordpress\/wp-content\/uploads\/2018\/06\/yhteistulokset.html\">Yhteistulokset<\/a><\/li>\n<\/ul>\n<p>&nbsp;<\/p>\n<p>Kuntosuunnistus<\/p>\n<ul>\n<li><a href=\"http:\/\/www.lansirajanrasti.fi\/wordpress\/wp-content\/uploads\/2018\/06\/aavasaksala-1.html\">Tulokset, lauantai<\/a><\/li>\n<li><a href=\"http:\/\/www.lansirajanrasti.fi\/wordpress\/wp-content\/uploads\/2018\/06\/aavasaksalav-1.html\">V\u00e4liajat, lauantai<\/a><\/li>\n<li><a href=\"http:\/\/www.lansirajanrasti.fi\/wordpress\/wp-content\/uploads\/2018\/06\/aavasaksasu.html\">Tulokset, sunnuntai<\/a><\/li>\n<li><a href=\"http:\/\/www.lansirajanrasti.fi\/wordpress\/wp-content\/uploads\/2018\/06\/aavasaksasuv.html\">V\u00e4liajat, sunnuntai<\/a><\/li>\n<\/ul>\n<p><strong>GPS-seuranta<\/strong><\/p>\n<ul>\n<li><a href=\"http:\/\/www.tulospalvelu.fi\/gps\/\">GPS-seuranta<\/a><\/li>\n<\/ul>\n<p>&nbsp;<\/p>\n<p><strong>L\u00e4ht\u00f6listat<\/strong><\/p>\n<p>L\u00e4ht\u00f6aikoihin tullut muutosta (pe klo 13:30) Tarkista l\u00e4ht\u00f6aikasi.<\/p>\n<p>&nbsp;<\/p>\n<ul>\n<li><a href=\"http:\/\/www.lansirajanrasti.fi\/wordpress\/wp-content\/uploads\/2018\/06\/la_lahto-2.html\">Lauantai &#8211; l\u00f6rdag<\/a><\/li>\n<li><a href=\"http:\/\/www.lansirajanrasti.fi\/wordpress\/wp-content\/uploads\/2018\/06\/su_lahto-2.html\">Sunnuntai &#8211; s\u00f6ndag<\/a><\/li>\n<\/ul>\n","protected":false},"excerpt":{"rendered":"<p>Tulokset Lauantai Tulokset, lauantai V\u00e4liajat, lauantai Sunnuntai Tulokset, sunnuntai V\u00e4liajat, sunnuntai Yhteistulokset Yhteistulokset &nbsp; Kuntosuunnistus Tulokset, lauantai V\u00e4liajat, lauantai Tulokset, sunnuntai V\u00e4liajat, sunnuntai GPS-seuranta GPS-seuranta &nbsp; L\u00e4ht\u00f6listat L\u00e4ht\u00f6aikoihin tullut muutosta (pe klo 13:30) Tarkista l\u00e4ht\u00f6aikasi. &nbsp; Lauantai &#8211; l\u00f6rdag Sunnuntai &#8211; s\u00f6ndag<\/p>\n","protected":false},"author":3,"featured_media":0,"parent":653,"menu_order":0,"comment_status":"closed","ping_status":"closed","template":"","meta":{"footnotes":""},"_links":{"self":[{"href":"http:\/\/www.lansirajanrasti.fi\/wordpress\/wp-json\/wp\/v2\/pages\/789"}],"collection":[{"href":"http:\/\/www.lansirajanrasti.fi\/wordpress\/wp-json\/wp\/v2\/pages"}],"about":[{"href":"http:\/\/www.lansirajanrasti.fi\/wordpress\/wp-json\/wp\/v2\/types\/page"}],"author":[{"embeddable":true,"href":"http:\/\/www.lansirajanrasti.fi\/wordpress\/wp-json\/wp\/v2\/users\/3"}],"replies":[{"embeddable":true,"href":"http:\/\/www.lansirajanrasti.fi\/wordpress\/wp-json\/wp\/v2\/comments?post=789"}],"version-history":[{"count":15,"href":"http:\/\/www.lansirajanrasti.fi\/wordpress\/wp-json\/wp\/v2\/pages\/789\/revisions"}],"predecessor-version":[{"id":824,"href":"http:\/\/www.lansirajanrasti.fi\/wordpress\/wp-json\/wp\/v2\/pages\/789\/revisions\/824"}],"up":[{"embeddable":true,"href":"http:\/\/www.lansirajanrasti.fi\/wordpress\/wp-json\/wp\/v2\/pages\/653"}],"wp:attachment":[{"href":"http:\/\/www.lansirajanrasti.fi\/wordpress\/wp-json\/wp\/v2\/media?parent=789"}],"curies":[{"name":"wp","href":"https:\/\/api.w.org\/{rel}","templated":true}]}}