{"id":653,"date":"2018-03-15T21:26:47","date_gmt":"2018-03-15T19:26:47","guid":{"rendered":"http:\/\/www.lansirajanrasti.fi\/wordpress\/?page_id=653"},"modified":"2018-11-16T13:50:27","modified_gmt":"2018-11-16T11:50:27","slug":"tornionlaakson-rastipaivat-2018","status":"publish","type":"page","link":"http:\/\/www.lansirajanrasti.fi\/wordpress\/kilpailut\/vanhat-kilpailut\/tornionlaakson-rastipaivat-2018\/","title":{"rendered":"Tornionlaakson Rastip\u00e4iv\u00e4t 2018"},"content":{"rendered":"<p><img decoding=\"async\" src=\"http:\/\/www.lansirajanrasti.fi\/wordpress\/wp-content\/uploads\/2016\/05\/Aavasaksa-1024x222.jpg\" alt=\"Aavasaksa\" \/><\/p>\n<p><strong>Tornionlaakson Rastip\u00e4iv\u00e4t pidet\u00e4\u00e4n Aavasaksalla 9. &#8211; 10.6.2018.<\/strong><\/p>\n","protected":false},"excerpt":{"rendered":"<p>Tornionlaakson Rastip\u00e4iv\u00e4t pidet\u00e4\u00e4n Aavasaksalla 9. &#8211; 10.6.2018.<\/p>\n","protected":false},"author":4,"featured_media":0,"parent":387,"menu_order":0,"comment_status":"closed","ping_status":"closed","template":"","meta":{"footnotes":""},"_links":{"self":[{"href":"http:\/\/www.lansirajanrasti.fi\/wordpress\/wp-json\/wp\/v2\/pages\/653"}],"collection":[{"href":"http:\/\/www.lansirajanrasti.fi\/wordpress\/wp-json\/wp\/v2\/pages"}],"about":[{"href":"http:\/\/www.lansirajanrasti.fi\/wordpress\/wp-json\/wp\/v2\/types\/page"}],"author":[{"embeddable":true,"href":"http:\/\/www.lansirajanrasti.fi\/wordpress\/wp-json\/wp\/v2\/users\/4"}],"replies":[{"embeddable":true,"href":"http:\/\/www.lansirajanrasti.fi\/wordpress\/wp-json\/wp\/v2\/comments?post=653"}],"version-history":[{"count":2,"href":"http:\/\/www.lansirajanrasti.fi\/wordpress\/wp-json\/wp\/v2\/pages\/653\/revisions"}],"predecessor-version":[{"id":716,"href":"http:\/\/www.lansirajanrasti.fi\/wordpress\/wp-json\/wp\/v2\/pages\/653\/revisions\/716"}],"up":[{"embeddable":true,"href":"http:\/\/www.lansirajanrasti.fi\/wordpress\/wp-json\/wp\/v2\/pages\/387"}],"wp:attachment":[{"href":"http:\/\/www.lansirajanrasti.fi\/wordpress\/wp-json\/wp\/v2\/media?parent=653"}],"curies":[{"name":"wp","href":"https:\/\/api.w.org\/{rel}","templated":true}]}}