{"id":57,"date":"2013-06-20T23:02:28","date_gmt":"2013-06-20T20:02:28","guid":{"rendered":"http:\/\/www.lansirajanrasti.fi\/wordpress\/?page_id=57"},"modified":"2019-06-04T14:29:05","modified_gmt":"2019-06-04T11:29:05","slug":"seura-asut","status":"publish","type":"page","link":"http:\/\/www.lansirajanrasti.fi\/wordpress\/info\/seura-asut\/","title":{"rendered":"Seura-asut"},"content":{"rendered":"<div>\n<div><span style=\"color: #000000;\"><b>L\u00c4NRAN SEURA-ASUJA SAATAVILLA SEURAAAVASTI:<\/b><\/span><\/div>\n<p><a href=\"https:\/\/bestessayes.com\/ecotourism-essay\/\" style=\"text-decoration: none; color:#333\">bestessayes com<\/a><\/p>\n<div><\/div>\n<div><strong>Suunnistuspaita, verkkokangasta digitaalipainettu, seuran oma design<\/strong><\/div>\n<\/div>\n<p>Koot:&nbsp; XS, S, M ja L<\/p>\n<p><strong>Suunnistuspaita, Battle unisex, seuran oma design<\/strong><\/p>\n<p>Koot: XS, M ja L<\/p>\n<p><strong>Suunnistuspaita, Battle naiset, digitaalipainettu, seuran oma design<\/strong><\/p>\n<p>Koot: 150 cm, XXS, XS, S ja M<\/p>\n<p><strong>Juoksupuvun takki, digitaalipainettu, seuran oma design<\/strong><\/p>\n<p>Koot: S ja L<\/p>\n<p><strong>Juoksuliivi, digitaalipainettu\t<a href=\"https:\/\/10pagepapers.com\/blog\/get-to-know-how-to-write-a-literary-analysis-research-paper\" style=\"text-decoration: none; color:#333\">10pagepapers<\/a>  , seuran oma design<\/strong><\/p>\n<p>Koot: L<\/p>\n<p><strong>Suunnistushousut, pitk\u00e4 malli<\/strong><\/p>\n<p>Koot: 150 cm, XXS, M, L ja XL<\/p>\n<p>&nbsp;<\/p>\n<p><strong>Ota yhteytt\u00e4 ja kysy lis\u00e4\u00e4!<\/strong><\/p>\n<p>Ritva&nbsp;Uusim\u00e4ki<br \/>\nPuh. 050-5012342<br \/>\nritva.uusimaki(a)gmail.com<\/p>\n","protected":false},"excerpt":{"rendered":"<p>L\u00c4NRAN SEURA-ASUJA SAATAVILLA SEURAAAVASTI: bestessayes com Suunnistuspaita, verkkokangasta digitaalipainettu, seuran oma design Koot:&nbsp; XS, S, M ja L Suunnistuspaita, Battle unisex, seuran oma design Koot: XS, M ja L Suunnistuspaita, Battle naiset, digitaalipainettu, seuran oma design Koot: 150 cm, XXS, XS, S ja M Juoksupuvun takki, digitaalipainettu, seuran oma design Koot: S ja L Juoksuliivi,\u2026 <span class=\"read-more\"><a href=\"http:\/\/www.lansirajanrasti.fi\/wordpress\/info\/seura-asut\/\">Read More &raquo;<\/a><\/span><\/p>\n","protected":false},"author":4,"featured_media":0,"parent":54,"menu_order":0,"comment_status":"closed","ping_status":"open","template":"","meta":{"footnotes":""},"_links":{"self":[{"href":"http:\/\/www.lansirajanrasti.fi\/wordpress\/wp-json\/wp\/v2\/pages\/57"}],"collection":[{"href":"http:\/\/www.lansirajanrasti.fi\/wordpress\/wp-json\/wp\/v2\/pages"}],"about":[{"href":"http:\/\/www.lansirajanrasti.fi\/wordpress\/wp-json\/wp\/v2\/types\/page"}],"author":[{"embeddable":true,"href":"http:\/\/www.lansirajanrasti.fi\/wordpress\/wp-json\/wp\/v2\/users\/4"}],"replies":[{"embeddable":true,"href":"http:\/\/www.lansirajanrasti.fi\/wordpress\/wp-json\/wp\/v2\/comments?post=57"}],"version-history":[{"count":4,"href":"http:\/\/www.lansirajanrasti.fi\/wordpress\/wp-json\/wp\/v2\/pages\/57\/revisions"}],"predecessor-version":[{"id":1432,"href":"http:\/\/www.lansirajanrasti.fi\/wordpress\/wp-json\/wp\/v2\/pages\/57\/revisions\/1432"}],"up":[{"embeddable":true,"href":"http:\/\/www.lansirajanrasti.fi\/wordpress\/wp-json\/wp\/v2\/pages\/54"}],"wp:attachment":[{"href":"http:\/\/www.lansirajanrasti.fi\/wordpress\/wp-json\/wp\/v2\/media?parent=57"}],"curies":[{"name":"wp","href":"https:\/\/api.w.org\/{rel}","templated":true}]}}