{"id":54,"date":"2013-06-20T22:59:49","date_gmt":"2013-06-20T19:59:49","guid":{"rendered":"http:\/\/www.lansirajanrasti.fi\/wordpress\/?page_id=54"},"modified":"2019-06-04T14:22:53","modified_gmt":"2019-06-04T11:22:53","slug":"info","status":"publish","type":"page","link":"http:\/\/www.lansirajanrasti.fi\/wordpress\/info\/","title":{"rendered":"Info"},"content":{"rendered":"<p><a href=\"http:\/\/www.lansirajanrasti.fi\/wordpress\/wp-content\/uploads\/2013\/11\/Rastin-logo-1.jpg\">\t<a href=\"https:\/\/10pagepapers.com\/blog\/essay-sample-about-moral-aspects-of-experiments-on-animals\" style=\"text-decoration: none; color:#333\">http:\/\/www.10pagepapers.com\/<\/a> <img loading=\"lazy\" decoding=\"async\" class=\"alignleft size-thumbnail wp-image-118\" alt=\"Rastin-logo-1\" src=\"http:\/\/www.lansirajanrasti.fi\/wordpress\/wp-content\/uploads\/2013\/11\/Rastin-logo-1-150x150.jpg\" width=\"150\" height=\"150\" srcset=\"http:\/\/www.lansirajanrasti.fi\/wordpress\/wp-content\/uploads\/2013\/11\/Rastin-logo-1-150x150.jpg 150w, http:\/\/www.lansirajanrasti.fi\/wordpress\/wp-content\/uploads\/2013\/11\/Rastin-logo-1.jpg 186w\" sizes=\"(max-width: 150px) 100vw, 150px\" \/><\/a>L\u00e4nsi-Rajan Rasti on vuonna 1983 perustettu suunnistuksen erikoisseura Ylitorniolta. Seuran lajeina toimivat suunnistus, hiihtosuunnistus ja<a href=\"https:\/\/bestessayes.com\/how-to-write-eulogy\/\" style=\"text-decoration: none; color:#333\">http:\/\/bestessayes.com\/<\/a>  py\u00f6r\u00e4suunnistus. Aiemmin lajivalikoimaan kuului my\u00f6s ampumahiihto.<\/p>\n","protected":false},"excerpt":{"rendered":"<p>http:\/\/www.10pagepapers.com\/ L\u00e4nsi-Rajan Rasti on vuonna 1983 perustettu suunnistuksen erikoisseura Ylitorniolta. Seuran lajeina toimivat suunnistus, hiihtosuunnistus jahttp:\/\/bestessayes.com\/ py\u00f6r\u00e4suunnistus. Aiemmin lajivalikoimaan kuului my\u00f6s ampumahiihto.<\/p>\n","protected":false},"author":4,"featured_media":0,"parent":0,"menu_order":0,"comment_status":"closed","ping_status":"open","template":"","meta":{"footnotes":""},"_links":{"self":[{"href":"http:\/\/www.lansirajanrasti.fi\/wordpress\/wp-json\/wp\/v2\/pages\/54"}],"collection":[{"href":"http:\/\/www.lansirajanrasti.fi\/wordpress\/wp-json\/wp\/v2\/pages"}],"about":[{"href":"http:\/\/www.lansirajanrasti.fi\/wordpress\/wp-json\/wp\/v2\/types\/page"}],"author":[{"embeddable":true,"href":"http:\/\/www.lansirajanrasti.fi\/wordpress\/wp-json\/wp\/v2\/users\/4"}],"replies":[{"embeddable":true,"href":"http:\/\/www.lansirajanrasti.fi\/wordpress\/wp-json\/wp\/v2\/comments?post=54"}],"version-history":[{"count":4,"href":"http:\/\/www.lansirajanrasti.fi\/wordpress\/wp-json\/wp\/v2\/pages\/54\/revisions"}],"predecessor-version":[{"id":1430,"href":"http:\/\/www.lansirajanrasti.fi\/wordpress\/wp-json\/wp\/v2\/pages\/54\/revisions\/1430"}],"wp:attachment":[{"href":"http:\/\/www.lansirajanrasti.fi\/wordpress\/wp-json\/wp\/v2\/media?parent=54"}],"curies":[{"name":"wp","href":"https:\/\/api.w.org\/{rel}","templated":true}]}}