{"id":539,"date":"2017-05-06T13:24:10","date_gmt":"2017-05-06T10:24:10","guid":{"rendered":"http:\/\/www.lansirajanrasti.fi\/wordpress\/?page_id=539"},"modified":"2025-04-13T13:27:34","modified_gmt":"2025-04-13T10:27:34","slug":"rajarastit-2017","status":"publish","type":"page","link":"http:\/\/www.lansirajanrasti.fi\/wordpress\/kuntosuunnistus\/arkisto\/rajarastit-2017\/","title":{"rendered":"Rajarastit 2017"},"content":{"rendered":"<p><strong>J\u00e4rjest\u00e4v\u00e4t seurat:\u00a0<\/strong>L\u00e4nRa ja \u00d6IF<br \/>\n<strong>Yhteyshenkil\u00f6:\u00a0<\/strong>Risto Jaako, puh. 0445808222<\/p>\n<p><strong>Aika:\u00a0<\/strong>Tiistaisin, l\u00e4hd\u00f6t klo 18-19 Suomen aikaa<\/p>\n<p><strong>Maksut:\u00a0<\/strong>4\u20ac \/ 35SEK, alle 16v. ilmaiseksi<\/p>\n<p><strong>Tiedotus:\u00a0<\/strong>Edellisen viikon Me\u00e4n Tornionlaakso -lehti ja iltarastip\u00e4iv\u00e4n Lapin Kansa<\/p>\n<p><strong>Radat:\u00a0<\/strong>Kolme eripituista ja eri taitotasoista rataa, sek\u00e4 rastireitti ja tukireitti tai eritt\u00e4in helppo rata.<\/p>\n<p>Rajarasteille osallistuneiden kesken arvotaan 50 \u20ac ostokortteja periaatteena \u201darvonta niiden kesken, jotka osallistuvat v\u00e4hint\u00e4\u00e4n 3 kertaa. Sen j\u00e4lkeisist\u00e4 kerroista saa aina lis\u00e4arvan \/ kerta. Arvonta erikseen alle ja yli 16-vuotiaille. Aikuisista ja nuorista eniten rasteilla k\u00e4ynyt palkitaan, tasatilanteessa k\u00e4ytet\u00e4\u00e4n arpaa. Ratamestarina toimiminen lasketaan mukaan.\u201d<\/p>\n<table style=\"border-collapse: collapse; width: 998px; height: 823px;\" width=\"669\">\n<colgroup>\n<col style=\"width: 53pt;\" width=\"71\" \/>\n<col style=\"width: 160pt;\" width=\"213\" \/>\n<col style=\"width: 49pt;\" width=\"65\" \/>\n<col style=\"width: 192pt;\" width=\"256\" \/>\n<col style=\"width: 48pt;\" width=\"64\" \/> <\/colgroup>\n<tbody>\n<tr style=\"height: 22.5pt;\">\n<td class=\"xl75\" style=\"width: 53pt; height: 22.5pt;\" width=\"71\" height=\"30\">P<strong>vm<\/strong><\/td>\n<td class=\"xl75\" style=\"width: 160pt;\" width=\"213\"><strong>Paikka<\/strong><\/td>\n<td class=\"xl75\" style=\"width: 49pt;\" width=\"65\"><strong>J\u00e4rj<\/strong><\/td>\n<td class=\"xl75\" style=\"width: 192pt;\" width=\"256\"><strong>Opastus<\/strong><\/td>\n<td class=\"xl75\" style=\"width: 48pt;\" width=\"64\"><strong>Tulokset<\/strong><\/td>\n<\/tr>\n<tr style=\"height: 15.75pt;\">\n<td class=\"xl69\" style=\"width: 53pt; height: 15.75pt;\" align=\"right\" width=\"71\" height=\"21\"><\/td>\n<td class=\"xl70\" style=\"width: 160pt;\" width=\"213\"><\/td>\n<td class=\"xl70\" style=\"width: 49pt;\" width=\"65\"><\/td>\n<td class=\"xl70\" style=\"width: 192pt;\" width=\"256\"><\/td>\n<td class=\"xl70\" style=\"width: 48pt;\" width=\"64\"><\/td>\n<\/tr>\n<tr style=\"height: 15.75pt;\">\n<td class=\"xl71\" style=\"width: 53pt; height: 15.75pt;\" align=\"right\" width=\"71\" height=\"21\">30.5.2017<\/td>\n<td class=\"xl72\" style=\"width: 160pt;\" width=\"213\">Ainiovaara, Karemajat<\/td>\n<td class=\"xl72\" style=\"width: 49pt;\" width=\"65\">L\u00e4nRa<\/td>\n<td class=\"xl72\" style=\"width: 192pt;\" width=\"256\">Ylitornion keskusta\/Alkkulanraitti<\/td>\n<td class=\"xl70\" style=\"width: 48pt;\" width=\"64\">\u00a0<a href=\"http:\/\/www.lansirajanrasti.fi\/wordpress\/wp-content\/uploads\/2017\/05\/Ainiovaara-30-5-2017.docx\">Tulokset<\/a><\/td>\n<\/tr>\n<tr style=\"height: 31.5pt;\">\n<td class=\"xl71\" style=\"width: 53pt; height: 31.5pt;\" align=\"right\" width=\"71\" height=\"42\">6.6.2017<\/td>\n<td class=\"xl72\" style=\"width: 160pt;\" width=\"213\">Ruskola<\/td>\n<td class=\"xl72\" style=\"width: 49pt;\" width=\"65\">\u00d6IF<\/td>\n<td class=\"xl72\" style=\"width: 200pt;\" width=\"256\">Ruskolan hiihtomaja, Rv. 99 3 km Matarengist\u00e4 etel\u00e4\u00e4n<\/td>\n<td class=\"xl70\" style=\"width: 90pt;\" width=\"64\">\u00a0<a href=\"http:\/\/www.lansirajanrasti.fi\/wordpress\/wp-content\/uploads\/2017\/05\/grk170606.htm\">Tulokset<\/a>\u00a0\u00a0<a href=\"http:\/\/www.lansirajanrasti.fi\/wordpress\/wp-content\/uploads\/2017\/05\/grk170606str.htm\">V\u00e4liajat<\/a><\/td>\n<\/tr>\n<tr style=\"height: 15.75pt;\">\n<td class=\"xl71\" style=\"width: 53pt; height: 15.75pt;\" align=\"right\" width=\"71\" height=\"21\">13.6.2017<\/td>\n<td class=\"xl72\" style=\"width: 160pt;\" width=\"213\">Aavasaksa<\/td>\n<td class=\"xl72\" style=\"width: 49pt;\" width=\"65\">L\u00e4nRa<\/td>\n<td class=\"xl72\" style=\"width: 192pt;\" width=\"256\">Vt. 21 Aavasaksalta<\/td>\n<td class=\"xl70\" style=\"width: 48pt;\" width=\"64\">\u00a0<a href=\"http:\/\/www.lansirajanrasti.fi\/wordpress\/wp-content\/uploads\/2017\/05\/t170613.html\">Tulokset<\/a>\u00a0<a href=\"http:\/\/www.lansirajanrasti.fi\/wordpress\/wp-content\/uploads\/2017\/05\/v170613.html\">V\u00e4liajat<\/a><\/td>\n<\/tr>\n<tr style=\"height: 15.75pt;\">\n<td class=\"xl71\" style=\"width: 53pt; height: 15.75pt;\" align=\"right\" width=\"71\" height=\"21\">20.6.2017<\/td>\n<td class=\"xl72\" style=\"width: 160pt;\" width=\"213\">Onkij\u00e4rvi<\/td>\n<td class=\"xl72\" style=\"width: 49pt;\" width=\"65\">\u00d6IF<\/td>\n<td class=\"xl72\" style=\"width: 192pt;\" width=\"256\">Rv 99. 5 km Matarengist\u00e4 etel\u00e4\u00e4n<\/td>\n<td class=\"xl70\" style=\"width: 48pt;\" width=\"64\">\u00a0<a href=\"http:\/\/www.lansirajanrasti.fi\/wordpress\/wp-content\/uploads\/2017\/05\/grk170620.htm\">Tulokset<\/a>\u00a0<a href=\"http:\/\/www.lansirajanrasti.fi\/wordpress\/wp-content\/uploads\/2017\/05\/grk170620str.htm\">V\u00e4liajat<\/a><\/td>\n<\/tr>\n<tr style=\"height: 15.75pt;\">\n<td class=\"xl71\" style=\"width: 53pt; height: 15.75pt;\" align=\"right\" width=\"71\" height=\"21\">27.6.2017<\/td>\n<td class=\"xl72\" style=\"width: 160pt;\" width=\"213\"><strong><a href=\"https:\/\/suunta2000.sporttisaitti.com\/kilpailut\/mersu-cup-2017\/\">Meri-Lapin Suunnistuscupin osakilpailu<\/a><\/strong> Kauliranta<\/td>\n<td class=\"xl72\" style=\"width: 49pt;\" width=\"65\">L\u00e4nRa<\/td>\n<td class=\"xl72\" style=\"width: 192pt;\" width=\"256\">Vt. 21 18 km Ylitorniolta pohjoiseen<\/td>\n<td class=\"xl70\" style=\"width: 48pt;\" width=\"64\">\u00a0<a href=\"http:\/\/www.lansirajanrasti.fi\/wordpress\/wp-content\/uploads\/2017\/05\/Kaulirantatulos2706.html\">Tulokset<\/a>\u00a0<a href=\"http:\/\/www.lansirajanrasti.fi\/wordpress\/wp-content\/uploads\/2017\/05\/Kauliranta2706.html\">V\u00e4liajat<\/a><\/td>\n<\/tr>\n<tr style=\"height: 15.75pt;\">\n<td class=\"xl71\" style=\"width: 53pt; height: 15.75pt;\" align=\"right\" width=\"71\" height=\"21\">4.7.2017<\/td>\n<td class=\"xl72\" style=\"width: 160pt;\" width=\"213\">Jukulaj\u00e4rvi<\/td>\n<td class=\"xl72\" style=\"width: 49pt;\" width=\"65\">\u00d6IF<\/td>\n<td class=\"xl72\" style=\"width: 192pt;\" width=\"256\">Rv. 99 8 km Matarengist\u00e4 etel\u00e4\u00e4n<\/td>\n<td class=\"xl70\" style=\"width: 48pt;\" width=\"64\">\u00a0<a href=\"http:\/\/www.lansirajanrasti.fi\/wordpress\/wp-content\/uploads\/2017\/05\/grk170704.htm\">Tulokset<\/a>\u00a0<a href=\"http:\/\/www.lansirajanrasti.fi\/wordpress\/wp-content\/uploads\/2017\/05\/grk170704str.htm\">V\u00e4liajat<\/a><\/td>\n<\/tr>\n<tr style=\"height: 15.75pt;\">\n<td class=\"xl71\" style=\"width: 53pt; height: 15.75pt;\" align=\"right\" width=\"71\" height=\"21\">11.7.2017<\/td>\n<td class=\"xl72\" style=\"width: 160pt;\" width=\"213\">Etel\u00e4-Portimo<\/td>\n<td class=\"xl72\" style=\"width: 49pt;\" width=\"65\">L\u00e4nRa<\/td>\n<td class=\"xl72\" style=\"width: 192pt;\" width=\"256\">Muurolantielt\u00e4<\/td>\n<td class=\"xl70\" style=\"width: 48pt;\" width=\"64\">\u00a0<a href=\"http:\/\/www.lansirajanrasti.fi\/wordpress\/wp-content\/uploads\/2017\/05\/Etpo1107.html\">Tulokset<\/a>\u00a0<a href=\"http:\/\/www.lansirajanrasti.fi\/wordpress\/wp-content\/uploads\/2017\/05\/Etpov\u00e4li1107.html\">V\u00e4liajat<\/a><\/td>\n<\/tr>\n<tr style=\"height: 15.75pt;\">\n<td class=\"xl71\" style=\"width: 53pt; height: 15.75pt;\" align=\"right\" width=\"71\" height=\"21\">18.7.2017<\/td>\n<td class=\"xl72\" style=\"width: 160pt;\" width=\"213\"><strong><a href=\"https:\/\/suunta2000.sporttisaitti.com\/kilpailut\/mersu-cup-2017\/\">Meri-Lapin Suunnistuscupin osakilpailu<\/a>\u00a0<\/strong>Onkij\u00e4rvi<\/td>\n<td class=\"xl72\" style=\"width: 49pt;\" width=\"65\">\u00d6IF<\/td>\n<td class=\"xl72\" style=\"width: 192pt;\" width=\"256\">Rv. 99 5 km Matarengist\u00e4 etel\u00e4\u00e4n<\/td>\n<td class=\"xl70\" style=\"width: 48pt;\" width=\"64\">\u00a0<a href=\"http:\/\/www.lansirajanrasti.fi\/wordpress\/wp-content\/uploads\/2017\/05\/grk170718.htm\">Tulokset<\/a>\u00a0<a href=\"http:\/\/www.lansirajanrasti.fi\/wordpress\/wp-content\/uploads\/2017\/05\/grk170718str.htm\">V\u00e4liajat<\/a><\/td>\n<\/tr>\n<tr style=\"height: 15.75pt;\">\n<td class=\"xl71\" style=\"width: 53pt; height: 15.75pt;\" align=\"right\" width=\"71\" height=\"21\">25.7.2017<\/td>\n<td class=\"xl72\" style=\"width: 160pt;\" width=\"213\">Aavasaksa<\/td>\n<td class=\"xl72\" style=\"width: 49pt;\" width=\"65\">L\u00e4nRa<\/td>\n<td class=\"xl72\" style=\"width: 192pt;\" width=\"256\">Vt. 21 Aavasaksalta<\/td>\n<td class=\"xl70\" style=\"width: 48pt;\" width=\"64\">\u00a0<a href=\"http:\/\/www.lansirajanrasti.fi\/wordpress\/wp-content\/uploads\/2017\/05\/25.7.20171.html\">Tulokset<\/a>\u00a0<a href=\"http:\/\/www.lansirajanrasti.fi\/wordpress\/wp-content\/uploads\/2017\/05\/25.7.2017-v1.html\">V\u00e4liajat<\/a><\/td>\n<\/tr>\n<tr style=\"height: 31.5pt;\">\n<td class=\"xl71\" style=\"width: 53pt; height: 31.5pt;\" align=\"right\" width=\"71\" height=\"42\">1.8.2017<\/td>\n<td class=\"xl73\" style=\"width: 160pt;\" width=\"213\">Kuivakangas<\/td>\n<td class=\"xl72\" style=\"width: 49pt;\" width=\"65\">\u00d6IF<\/td>\n<td class=\"xl72\" style=\"width: 192pt;\" width=\"256\">Rv. 99 6 km Matarengist\u00e4 pohjoiseen<\/td>\n<td class=\"xl70\" style=\"width: 48pt;\" width=\"64\">\u00a0<a href=\"http:\/\/www.lansirajanrasti.fi\/wordpress\/wp-content\/uploads\/2017\/05\/grk170801.htm\">Tulokset<\/a>\u00a0<a href=\"http:\/\/www.lansirajanrasti.fi\/wordpress\/wp-content\/uploads\/2017\/05\/grk170801str.htm\">V\u00e4liajat<\/a><\/td>\n<\/tr>\n<tr style=\"height: 15.75pt;\">\n<td class=\"xl71\" style=\"width: 53pt; height: 15.75pt;\" align=\"right\" width=\"71\" height=\"21\">8.8.2017<\/td>\n<td class=\"xl70\" style=\"width: 160pt;\" width=\"213\">Poikkilahti<\/td>\n<td class=\"xl72\" style=\"width: 49pt;\" width=\"65\">L\u00e4nRa<\/td>\n<td class=\"xl72\" style=\"width: 192pt;\" width=\"256\">Vt. 21, 15 km Ylitorniolta etel\u00e4\u00e4n<\/td>\n<td class=\"xl70\" style=\"width: 48pt;\" width=\"64\">\u00a0<a href=\"http:\/\/www.lansirajanrasti.fi\/wordpress\/wp-content\/uploads\/2017\/05\/tuloksetPoikkilahti.htm\">Tulokset<\/a>\u00a0<a href=\"http:\/\/www.lansirajanrasti.fi\/wordpress\/wp-content\/uploads\/2017\/05\/v\u00e4liajatPoikkilahti.htm\">V\u00e4liajat<\/a><\/td>\n<\/tr>\n<tr style=\"height: 31.5pt;\">\n<td class=\"xl71\" style=\"width: 53pt; height: 31.5pt;\" align=\"right\" width=\"71\" height=\"42\">15.8.2017<\/td>\n<td class=\"xl72\" style=\"width: 160pt;\" width=\"213\">Kuivakangas<\/td>\n<td class=\"xl72\" style=\"width: 49pt;\" width=\"65\">\u00d6IF<\/td>\n<td class=\"xl72\" style=\"width: 192pt;\" width=\"256\">Rv. 99 6 km Matarengist\u00e4 pohjoiseen<\/td>\n<td class=\"xl70\" style=\"width: 48pt;\" width=\"64\">\u00a0<a href=\"http:\/\/www.lansirajanrasti.fi\/wordpress\/wp-content\/uploads\/2017\/05\/grk170815.htm\">Tulokset<\/a>\u00a0<a href=\"http:\/\/www.lansirajanrasti.fi\/wordpress\/wp-content\/uploads\/2017\/05\/grk170815str.htm\">V\u00e4liajat<\/a><\/td>\n<\/tr>\n<tr style=\"height: 15.75pt;\">\n<td class=\"xl71\" style=\"width: 53pt; height: 15.75pt;\" align=\"right\" width=\"71\" height=\"21\">22.8.2017<\/td>\n<td class=\"xl72\" style=\"width: 160pt;\" width=\"213\">Kauliranta<\/td>\n<td class=\"xl72\" style=\"width: 49pt;\" width=\"65\">L\u00e4nRa<\/td>\n<td class=\"xl72\" style=\"width: 192pt;\" width=\"256\">Vt. 21 18 km Ylitorniolta pohjoiseen<\/td>\n<td class=\"xl70\" style=\"width: 48pt;\" width=\"64\">\u00a0<a href=\"http:\/\/www.lansirajanrasti.fi\/wordpress\/wp-content\/uploads\/2017\/05\/Kauliranta2208.html\">Tulokset<\/a>\u00a0<a href=\"http:\/\/www.lansirajanrasti.fi\/wordpress\/wp-content\/uploads\/2017\/05\/Kauliranta2208v\u00e4li.html\">V\u00e4liajat<\/a><\/td>\n<\/tr>\n<tr style=\"height: 31.5pt;\">\n<td class=\"xl71\" style=\"width: 53pt; height: 31.5pt;\" align=\"right\" width=\"71\" height=\"42\">29.8.2017<\/td>\n<td class=\"xl72\" style=\"width: 160pt;\" width=\"213\">Ojala<\/td>\n<td class=\"xl72\" style=\"width: 49pt;\" width=\"65\">\u00d6IF<\/td>\n<td class=\"xl72\" style=\"width: 192pt;\" width=\"256\">Pistooliampumarata, Rv. 99 2 km Matarengist\u00e4 etel\u00e4\u00e4n<\/td>\n<td class=\"xl70\" style=\"width: 48pt;\" width=\"64\">\u00a0<a href=\"http:\/\/www.lansirajanrasti.fi\/wordpress\/wp-content\/uploads\/2017\/05\/grk170829.htm\">Tulokset<\/a>\u00a0<a href=\"http:\/\/www.lansirajanrasti.fi\/wordpress\/wp-content\/uploads\/2017\/05\/grk170829str.htm\">V\u00e4liajat<\/a><\/td>\n<\/tr>\n<tr style=\"height: 15.75pt;\">\n<td class=\"xl71\" style=\"width: 53pt; height: 15.75pt;\" align=\"right\" width=\"71\" height=\"21\">5.9.2017<\/td>\n<td class=\"xl72\" style=\"width: 160pt;\" width=\"213\">Ainiovaara<\/td>\n<td class=\"xl72\" style=\"width: 49pt;\" width=\"65\">L\u00e4nRa<\/td>\n<td class=\"xl72\" style=\"width: 192pt;\" width=\"256\">Ylitornion keskusta\/Alkkulanraitti<\/td>\n<td class=\"xl70\" style=\"width: 48pt;\" width=\"64\">\u00a0<a href=\"http:\/\/www.lansirajanrasti.fi\/wordpress\/wp-content\/uploads\/2017\/05\/Rajarastit-05092017-Ainiovaara.pdf\">Tulokset<\/a><\/td>\n<\/tr>\n<tr style=\"height: 31.5pt;\">\n<td class=\"xl71\" style=\"width: 53pt; height: 31.5pt;\" align=\"right\" width=\"71\" height=\"42\">12.9.2017<\/td>\n<td class=\"xl72\" style=\"width: 160pt;\" width=\"213\">Turovaara<\/td>\n<td class=\"xl72\" style=\"width: 49pt;\" width=\"65\">\u00d6IF<\/td>\n<td class=\"xl72\" style=\"width: 192pt;\" width=\"256\">Orjasj\u00e4rventie, 2 km Matarengist\u00e4 l\u00e4nteen.<\/td>\n<td class=\"xl70\" style=\"width: 48pt;\" width=\"64\">\u00a0<a href=\"http:\/\/www.lansirajanrasti.fi\/wordpress\/wp-content\/uploads\/2017\/05\/grk170912.htm\">Tulokset<\/a>\u00a0<a href=\"http:\/\/www.lansirajanrasti.fi\/wordpress\/wp-content\/uploads\/2017\/05\/grk170912str.htm\">V\u00e4liajat<\/a><\/td>\n<\/tr>\n<tr style=\"height: 15.75pt;\">\n<td class=\"xl71\" style=\"width: 53pt; height: 15.75pt;\" align=\"right\" width=\"71\" height=\"21\">19.9.2017<\/td>\n<td class=\"xl72\" style=\"width: 160pt;\" width=\"213\">Palovaara, my\u00f6s y\u00f6suunnistus<\/p>\n<p>Iltarastil\u00e4hd\u00f6t klo 18-19<\/p>\n<p>Y\u00f6suunnistus l\u00e4hd\u00f6t klo 20-20.30<\/td>\n<td class=\"xl72\" style=\"width: 49pt;\" width=\"65\">L\u00e4nRa<\/td>\n<td class=\"xl72\" style=\"width: 192pt;\" width=\"256\">Ylitornion keskusta\/Alkkulanraitti<\/td>\n<td class=\"xl70\" style=\"width: 48pt;\" width=\"64\"><a href=\"http:\/\/www.lansirajanrasti.fi\/wordpress\/wp-content\/uploads\/2017\/05\/Palovaara1909.html\">Tulokset<\/a>\u00a0<a href=\"http:\/\/www.lansirajanrasti.fi\/wordpress\/wp-content\/uploads\/2017\/05\/Palovaara1909v\u00e4li.html\">V\u00e4liajat<\/a><\/td>\n<\/tr>\n<\/tbody>\n<\/table>\n","protected":false},"excerpt":{"rendered":"<p>J\u00e4rjest\u00e4v\u00e4t seurat:\u00a0L\u00e4nRa ja \u00d6IF Yhteyshenkil\u00f6:\u00a0Risto Jaako, puh. 0445808222 Aika:\u00a0Tiistaisin, l\u00e4hd\u00f6t klo 18-19 Suomen aikaa Maksut:\u00a04\u20ac \/ 35SEK, alle 16v. ilmaiseksi Tiedotus:\u00a0Edellisen viikon Me\u00e4n Tornionlaakso -lehti ja iltarastip\u00e4iv\u00e4n Lapin Kansa Radat:\u00a0Kolme eripituista ja eri taitotasoista rataa, sek\u00e4 rastireitti ja tukireitti tai eritt\u00e4in helppo rata. Rajarasteille osallistuneiden kesken arvotaan 50 \u20ac ostokortteja periaatteena \u201darvonta niiden kesken, jotka\u2026 <span class=\"read-more\"><a href=\"http:\/\/www.lansirajanrasti.fi\/wordpress\/kuntosuunnistus\/arkisto\/rajarastit-2017\/\">Read More &raquo;<\/a><\/span><\/p>\n","protected":false},"author":4,"featured_media":0,"parent":61,"menu_order":-1,"comment_status":"closed","ping_status":"closed","template":"page-templates\/full-width.php","meta":{"footnotes":""},"_links":{"self":[{"href":"http:\/\/www.lansirajanrasti.fi\/wordpress\/wp-json\/wp\/v2\/pages\/539"}],"collection":[{"href":"http:\/\/www.lansirajanrasti.fi\/wordpress\/wp-json\/wp\/v2\/pages"}],"about":[{"href":"http:\/\/www.lansirajanrasti.fi\/wordpress\/wp-json\/wp\/v2\/types\/page"}],"author":[{"embeddable":true,"href":"http:\/\/www.lansirajanrasti.fi\/wordpress\/wp-json\/wp\/v2\/users\/4"}],"replies":[{"embeddable":true,"href":"http:\/\/www.lansirajanrasti.fi\/wordpress\/wp-json\/wp\/v2\/comments?post=539"}],"version-history":[{"count":30,"href":"http:\/\/www.lansirajanrasti.fi\/wordpress\/wp-json\/wp\/v2\/pages\/539\/revisions"}],"predecessor-version":[{"id":634,"href":"http:\/\/www.lansirajanrasti.fi\/wordpress\/wp-json\/wp\/v2\/pages\/539\/revisions\/634"}],"up":[{"embeddable":true,"href":"http:\/\/www.lansirajanrasti.fi\/wordpress\/wp-json\/wp\/v2\/pages\/61"}],"wp:attachment":[{"href":"http:\/\/www.lansirajanrasti.fi\/wordpress\/wp-json\/wp\/v2\/media?parent=539"}],"curies":[{"name":"wp","href":"https:\/\/api.w.org\/{rel}","templated":true}]}}