{"id":387,"date":"2016-05-21T09:58:05","date_gmt":"2016-05-21T06:58:05","guid":{"rendered":"http:\/\/www.lansirajanrasti.fi\/wordpress\/?page_id=387"},"modified":"2016-05-21T09:58:05","modified_gmt":"2016-05-21T06:58:05","slug":"vanhat-kilpailut","status":"publish","type":"page","link":"http:\/\/www.lansirajanrasti.fi\/wordpress\/kilpailut\/vanhat-kilpailut\/","title":{"rendered":"Vanhat kilpailut"},"content":{"rendered":"<p><strong>L\u00e4nsi-Rajan Rastin j\u00e4rjest\u00e4mi\u00e4 kilpailuja<\/strong><\/p>\n","protected":false},"excerpt":{"rendered":"<p>L\u00e4nsi-Rajan Rastin j\u00e4rjest\u00e4mi\u00e4 kilpailuja<\/p>\n","protected":false},"author":4,"featured_media":0,"parent":18,"menu_order":2,"comment_status":"closed","ping_status":"closed","template":"","meta":{"footnotes":""},"_links":{"self":[{"href":"http:\/\/www.lansirajanrasti.fi\/wordpress\/wp-json\/wp\/v2\/pages\/387"}],"collection":[{"href":"http:\/\/www.lansirajanrasti.fi\/wordpress\/wp-json\/wp\/v2\/pages"}],"about":[{"href":"http:\/\/www.lansirajanrasti.fi\/wordpress\/wp-json\/wp\/v2\/types\/page"}],"author":[{"embeddable":true,"href":"http:\/\/www.lansirajanrasti.fi\/wordpress\/wp-json\/wp\/v2\/users\/4"}],"replies":[{"embeddable":true,"href":"http:\/\/www.lansirajanrasti.fi\/wordpress\/wp-json\/wp\/v2\/comments?post=387"}],"version-history":[{"count":1,"href":"http:\/\/www.lansirajanrasti.fi\/wordpress\/wp-json\/wp\/v2\/pages\/387\/revisions"}],"predecessor-version":[{"id":388,"href":"http:\/\/www.lansirajanrasti.fi\/wordpress\/wp-json\/wp\/v2\/pages\/387\/revisions\/388"}],"up":[{"embeddable":true,"href":"http:\/\/www.lansirajanrasti.fi\/wordpress\/wp-json\/wp\/v2\/pages\/18"}],"wp:attachment":[{"href":"http:\/\/www.lansirajanrasti.fi\/wordpress\/wp-json\/wp\/v2\/media?parent=387"}],"curies":[{"name":"wp","href":"https:\/\/api.w.org\/{rel}","templated":true}]}}