{"id":379,"date":"2016-05-21T09:47:59","date_gmt":"2016-05-21T06:47:59","guid":{"rendered":"http:\/\/www.lansirajanrasti.fi\/wordpress\/?page_id=379"},"modified":"2018-03-15T21:31:34","modified_gmt":"2018-03-15T19:31:34","slug":"tornionlaakson-rastipaivat-2016","status":"publish","type":"page","link":"http:\/\/www.lansirajanrasti.fi\/wordpress\/kilpailut\/vanhat-kilpailut\/tornionlaakson-rastipaivat-2016\/","title":{"rendered":"Tornionlaakson Rastip\u00e4iv\u00e4t 2016"},"content":{"rendered":"<p><a href=\"http:\/\/www.lansirajanrasti.fi\/wordpress\/wp-content\/uploads\/2016\/05\/Aavasaksa.jpg\"><img loading=\"lazy\" decoding=\"async\" class=\"size-large wp-image-408 aligncenter\" src=\"http:\/\/www.lansirajanrasti.fi\/wordpress\/wp-content\/uploads\/2016\/05\/Aavasaksa-1024x222.jpg\" alt=\"Aavasaksa\" width=\"665\" height=\"144\" srcset=\"http:\/\/www.lansirajanrasti.fi\/wordpress\/wp-content\/uploads\/2016\/05\/Aavasaksa-1024x222.jpg 1024w, http:\/\/www.lansirajanrasti.fi\/wordpress\/wp-content\/uploads\/2016\/05\/Aavasaksa-300x65.jpg 300w, http:\/\/www.lansirajanrasti.fi\/wordpress\/wp-content\/uploads\/2016\/05\/Aavasaksa-660x143.jpg 660w, http:\/\/www.lansirajanrasti.fi\/wordpress\/wp-content\/uploads\/2016\/05\/Aavasaksa.jpg 1343w\" sizes=\"(max-width: 665px) 100vw, 665px\" \/><\/a><\/p>\n<p><strong>Tornionlaakson Rastip\u00e4iv\u00e4t j\u00e4rjestet\u00e4\u00e4n Aavasaksan kansallismaisemissa 11.-12.6.2016. Rastip\u00e4ivill\u00e4 kilpaillaan t\u00e4n\u00e4 vuonna kaksi keskimatkan kilpailua.<\/strong><\/p>\n<p><strong>Tervetuloa kisasivuille!<\/strong><\/p>\n<h2>KISAUUTISIA<\/h2>\n<ul>\n<li><strong>12.6.2016 13:10:<\/strong> Tornionlaakson Rastip\u00e4iv\u00e4t kisailtu ja <a href=\"http:\/\/www.lansirajanrasti.fi\/wordpress\/kilpailut\/tornionlaakson-rastipaivat-2016\/tulospalvelu\/\">sunnuntain tulokset<\/a> julkaistu. Kiitos kilpailijoille ja talkoolaisille, tsemppi\u00e4 Jukolaan!<\/li>\n<li><strong>11.6.2016 15:48:<\/strong> Lauantain kisat kisailtu ja <a href=\"http:\/\/www.lansirajanrasti.fi\/wordpress\/kilpailut\/tornionlaakson-rastipaivat-2016\/tulospalvelu\/\">tulokset julkaistu<\/a>. Huomenna jatketaan!<\/li>\n<li><strong>10.6.2016 10:30:<\/strong> <a href=\"http:\/\/www.lansirajanrasti.fi\/wordpress\/kilpailut\/tornionlaakson-rastipaivat-2016\/kilpailuohjeet\/\">Alustavat kilpailuohjeet<\/a> julkaistu.<\/li>\n<li><strong>9.6.2016 21:48:<\/strong> L\u00e4ht\u00f6listat lis\u00e4tty <a href=\"http:\/\/www.lansirajanrasti.fi\/wordpress\/kilpailut\/tornionlaakson-rastipaivat-2016\/tulospalvelu\/\">Tulospalvelu<\/a>-sivuille.<\/li>\n<li><strong>9.6.2016 17:50:\u00a0<\/strong><a href=\"http:\/\/www.lansirajanrasti.fi\/wordpress\/kilpailut\/tornionlaakson-rastipaivat-2016\/valvojan-lausunto\/\">Valvojan lausunto<\/a> sek\u00e4 <a href=\"http:\/\/www.lansirajanrasti.fi\/wordpress\/kilpailut\/tornionlaakson-rastipaivat-2016\/sarjat-ja-matkat\/\">Sarjat ja matkat<\/a> lis\u00e4tty.<\/li>\n<li><strong>8.6.2016 18:59:<\/strong>\u00a0Kilpailukeskuksessa on tarjolla lastenhoitoapua, mik\u00e4li on tarvetta. Ilmoittautuminen muksulaan viimeist\u00e4\u00e4n pe klo 12, <a href=\"mailto:marja.matila@pp.inet.fi\" target=\"_blank\" rel=\"noopener\">marja.matila@pp.inet.fi<\/a><\/li>\n<li><strong>3.6.2016 19:01:\u00a0<\/strong>Kisojen Pelastussuunnitelma l\u00f6ytyy <a href=\"http:\/\/www.lansirajanrasti.fi\/wordpress\/wp-content\/uploads\/2016\/05\/pelastussuunnitelma2016.pdf\">liitteen\u00e4<\/a> [pdf]<\/li>\n<li><strong>26.5.2016 14:01:<\/strong> Majoitustarjontaa p\u00e4ivitetty<\/li>\n<li><strong>21.5.2016 13:25:<\/strong> Kisasivuille lis\u00e4tty maastokuvia<\/li>\n<\/ul>\n","protected":false},"excerpt":{"rendered":"<p>Tornionlaakson Rastip\u00e4iv\u00e4t j\u00e4rjestet\u00e4\u00e4n Aavasaksan kansallismaisemissa 11.-12.6.2016. Rastip\u00e4ivill\u00e4 kilpaillaan t\u00e4n\u00e4 vuonna kaksi keskimatkan kilpailua. Tervetuloa kisasivuille! KISAUUTISIA 12.6.2016 13:10: Tornionlaakson Rastip\u00e4iv\u00e4t kisailtu ja sunnuntain tulokset julkaistu. Kiitos kilpailijoille ja talkoolaisille, tsemppi\u00e4 Jukolaan! 11.6.2016 15:48: Lauantain kisat kisailtu ja tulokset julkaistu. Huomenna jatketaan! 10.6.2016 10:30: Alustavat kilpailuohjeet julkaistu. 9.6.2016 21:48: L\u00e4ht\u00f6listat lis\u00e4tty Tulospalvelu-sivuille. 9.6.2016 17:50:\u00a0Valvojan lausunto sek\u00e4\u2026 <span class=\"read-more\"><a href=\"http:\/\/www.lansirajanrasti.fi\/wordpress\/kilpailut\/vanhat-kilpailut\/tornionlaakson-rastipaivat-2016\/\">Read More &raquo;<\/a><\/span><\/p>\n","protected":false},"author":4,"featured_media":0,"parent":387,"menu_order":1,"comment_status":"closed","ping_status":"closed","template":"","meta":{"footnotes":""},"_links":{"self":[{"href":"http:\/\/www.lansirajanrasti.fi\/wordpress\/wp-json\/wp\/v2\/pages\/379"}],"collection":[{"href":"http:\/\/www.lansirajanrasti.fi\/wordpress\/wp-json\/wp\/v2\/pages"}],"about":[{"href":"http:\/\/www.lansirajanrasti.fi\/wordpress\/wp-json\/wp\/v2\/types\/page"}],"author":[{"embeddable":true,"href":"http:\/\/www.lansirajanrasti.fi\/wordpress\/wp-json\/wp\/v2\/users\/4"}],"replies":[{"embeddable":true,"href":"http:\/\/www.lansirajanrasti.fi\/wordpress\/wp-json\/wp\/v2\/comments?post=379"}],"version-history":[{"count":14,"href":"http:\/\/www.lansirajanrasti.fi\/wordpress\/wp-json\/wp\/v2\/pages\/379\/revisions"}],"predecessor-version":[{"id":658,"href":"http:\/\/www.lansirajanrasti.fi\/wordpress\/wp-json\/wp\/v2\/pages\/379\/revisions\/658"}],"up":[{"embeddable":true,"href":"http:\/\/www.lansirajanrasti.fi\/wordpress\/wp-json\/wp\/v2\/pages\/387"}],"wp:attachment":[{"href":"http:\/\/www.lansirajanrasti.fi\/wordpress\/wp-json\/wp\/v2\/media?parent=379"}],"curies":[{"name":"wp","href":"https:\/\/api.w.org\/{rel}","templated":true}]}}