{"id":346,"date":"2016-05-02T22:00:19","date_gmt":"2016-05-02T19:00:19","guid":{"rendered":"http:\/\/www.lansirajanrasti.fi\/wordpress\/?page_id=346"},"modified":"2018-05-01T21:29:03","modified_gmt":"2018-05-01T18:29:03","slug":"rajarastit-2016","status":"publish","type":"page","link":"http:\/\/www.lansirajanrasti.fi\/wordpress\/kuntosuunnistus\/arkisto\/rajarastit-2016\/","title":{"rendered":"Rajarastit 2016"},"content":{"rendered":"<p><strong>J\u00e4rjest\u00e4v\u00e4t seurat:\u00a0<\/strong>L\u00e4nRa ja \u00d6IF<\/p>\n<p><strong>Yhteyshenkil\u00f6:\u00a0<\/strong>Marja Matila, puh. 040 571 9527<\/p>\n<p><strong>Aika:\u00a0<\/strong>Tiistaisin, l\u00e4hd\u00f6t klo 18-19 Suomen aikaa<\/p>\n<p><strong>Maksut:\u00a0<\/strong>4\u20ac \/ 35SEK, alle 16v. ilmaiseksi<\/p>\n<p><strong>Tiedotus:\u00a0<\/strong>Edellisen viikon Me\u00e4n Tornionlaakso -lehti ja iltarastip\u00e4iv\u00e4n Pohjolan Sanomat<\/p>\n<p><strong>Radat:\u00a0<\/strong>Kolme eripituista ja eri taitotasoista rataa, sek\u00e4 rastireitti ja tukireitti tai eritt\u00e4in helppo rata.<\/p>\n<p>Rajarasteille osallistuneiden kesken arvotaan 50\u20ac ostokortteja v\u00e4hint\u00e4\u00e4n 3 kertaa osallistuneiden kesken. Sen j\u00e4lkeisist\u00e4 kerroista saa aina lis\u00e4arvan \/ kerta. Arvonta erikseen alle ja yli 16-vuotiaille. Aikuisista ja nuorista eniten rasteilla k\u00e4ynyt palkitaan, tasatilanteessa k\u00e4ytet\u00e4\u00e4n arpaa. Ratamestarina toimiminen lasketaan mukaan.<\/p>\n<table style=\"height: 1042px;\" width=\"820\">\n<tbody>\n<tr>\n<td width=\"99\">10.5.2016<\/td>\n<td width=\"139\">MatarengiS\u00e4rkivaara<\/td>\n<td width=\"57\">\u00d6IF<\/td>\n<td width=\"235\">Matarengin urheilukentt\u00e4<\/td>\n<td width=\"64\"><a href=\"http:\/\/www.lansirajanrasti.fi\/wordpress\/wp-content\/uploads\/2016\/05\/t20160510.htm\">Tulokset<\/a><\/td>\n<td width=\"64\"><a href=\"http:\/\/www.lansirajanrasti.fi\/wordpress\/wp-content\/uploads\/2016\/05\/v20160510.htm\">V\u00e4liajat<\/a><\/td>\n<\/tr>\n<tr>\n<td>17.5.2016<\/td>\n<td>Palovaara<\/td>\n<td>L\u00e4nRa<\/td>\n<td width=\"235\">Ylitornion keskusta\/Alkkulanraitti<\/td>\n<td><a href=\"http:\/\/www.lansirajanrasti.fi\/wordpress\/wp-content\/uploads\/2016\/05\/t20160517.html\">Tulokset<\/a><\/td>\n<td><a href=\"http:\/\/www.lansirajanrasti.fi\/wordpress\/wp-content\/uploads\/2016\/05\/v20160517.html\">V\u00e4liajat<\/a><\/td>\n<\/tr>\n<tr>\n<td>24.5.2016<\/td>\n<td>Koivukyl\u00e4\/Heden\u00e4set<\/td>\n<td>\u00d6IF<\/td>\n<td width=\"235\">Rv 99, 20 km Matarengist\u00e4 etel\u00e4\u00e4n<\/td>\n<td><a href=\"http:\/\/www.lansirajanrasti.fi\/wordpress\/wp-content\/uploads\/2016\/05\/t20160524.pdf\">Tulokset<\/a><\/td>\n<td><\/td>\n<\/tr>\n<tr>\n<td>31.5.2016<\/td>\n<td>Ainiovaara<\/td>\n<td>L\u00e4nRa<\/td>\n<td width=\"235\">Ylitornion keskusta\/Alkkulanraitti<\/td>\n<td><a href=\"http:\/\/www.lansirajanrasti.fi\/wordpress\/wp-content\/uploads\/2016\/05\/t20160531.html\">Tulokset<\/a><\/td>\n<td><a href=\"http:\/\/www.lansirajanrasti.fi\/wordpress\/wp-content\/uploads\/2016\/05\/v20160531.html\">V\u00e4liajat<\/a><\/td>\n<\/tr>\n<tr>\n<td>7.6.2016<\/td>\n<td>Ruskola<\/td>\n<td>\u00d6IF<\/td>\n<td width=\"235\">Ruskolan hiihtomaja, Rv 99, 3km Matarengist\u00e4 etel\u00e4\u00e4n<\/td>\n<td><a href=\"http:\/\/www.lansirajanrasti.fi\/wordpress\/wp-content\/uploads\/2016\/05\/t20160607.htm\">Tulokset<\/a><\/td>\n<td><a href=\"http:\/\/www.lansirajanrasti.fi\/wordpress\/wp-content\/uploads\/2016\/05\/v20160607.htm\">V\u00e4liajat<\/a><\/td>\n<\/tr>\n<tr>\n<td>14.6.2016<\/td>\n<td>Aavasaksa<\/td>\n<td>L\u00e4nRa<\/td>\n<td width=\"235\">Vt. 21 Aavasaksalta<\/td>\n<td><a href=\"http:\/\/www.lansirajanrasti.fi\/wordpress\/wp-content\/uploads\/2016\/05\/t20160614.html\">Tulokset<\/a><\/td>\n<td><a href=\"http:\/\/www.lansirajanrasti.fi\/wordpress\/wp-content\/uploads\/2016\/05\/v20160614.html\">V\u00e4liajat<\/a><\/td>\n<\/tr>\n<tr>\n<td>21.6.2016<\/td>\n<td>Onkij\u00e4rvi<\/td>\n<td>\u00d6IF<\/td>\n<td width=\"235\">Rv 99, 5km Matarengist\u00e4 etel\u00e4\u00e4n<\/td>\n<td><a href=\"http:\/\/www.lansirajanrasti.fi\/wordpress\/wp-content\/uploads\/2016\/05\/t20160621.htm\">Tulokset<\/a><\/td>\n<td><a href=\"http:\/\/www.lansirajanrasti.fi\/wordpress\/wp-content\/uploads\/2016\/05\/v20160621.htm\">V\u00e4liajat<\/a><\/td>\n<\/tr>\n<tr>\n<td>28.6.2016<\/td>\n<td>Aavasaksa<\/td>\n<td>L\u00e4nRa<\/td>\n<td width=\"235\">Vt. 21 Aavasaksalta<\/td>\n<td><a href=\"http:\/\/www.lansirajanrasti.fi\/wordpress\/wp-content\/uploads\/2016\/05\/t20160628.html\">Tulokset<\/a><\/td>\n<td><a href=\"http:\/\/www.lansirajanrasti.fi\/wordpress\/wp-content\/uploads\/2016\/05\/v20160628.html\">V\u00e4liajat<\/a><\/td>\n<\/tr>\n<tr>\n<td>5.7.2016<\/td>\n<td>Jukulaj\u00e4rvi<\/td>\n<td>\u00d6IF<\/td>\n<td width=\"235\">Rv 99, 8 km Matarengist\u00e4 etel\u00e4\u00e4n<\/td>\n<td><a href=\"http:\/\/www.lansirajanrasti.fi\/wordpress\/wp-content\/uploads\/2016\/05\/t20160705.htm\">Tulokset<\/a><\/td>\n<td><a href=\"http:\/\/www.lansirajanrasti.fi\/wordpress\/wp-content\/uploads\/2016\/05\/v20160705.htm\">V\u00e4liajat<\/a><\/td>\n<\/tr>\n<tr>\n<td>12.7.2016<\/td>\n<td>Etel\u00e4-Portimo<\/td>\n<td>L\u00e4nRa<\/td>\n<td width=\"235\">Muurolantielt\u00e4<\/td>\n<td><a href=\"http:\/\/www.lansirajanrasti.fi\/wordpress\/wp-content\/uploads\/2016\/05\/t20160712.html\">Tulokset<\/a><\/td>\n<td><a href=\"http:\/\/www.lansirajanrasti.fi\/wordpress\/wp-content\/uploads\/2016\/05\/v20160712.html\">V\u00e4liajat<\/a><\/td>\n<\/tr>\n<tr>\n<td>19.7.2016<\/td>\n<td>Onkij\u00e4rvi<\/td>\n<td>\u00d6IF<\/td>\n<td width=\"235\">Rv 99 5km Matarengist\u00e4 etel\u00e4\u00e4n<\/td>\n<td><a href=\"http:\/\/www.lansirajanrasti.fi\/wordpress\/wp-content\/uploads\/2016\/05\/t20160719.htm\">Tulokset<\/a><\/td>\n<td><a href=\"http:\/\/www.lansirajanrasti.fi\/wordpress\/wp-content\/uploads\/2016\/05\/v20160719.htm\">V\u00e4liajat<\/a><\/td>\n<\/tr>\n<tr>\n<td>26.7.2016<\/td>\n<td width=\"139\"><span style=\"color: #ff0000;\">RAJARASTIT PERUTTU!<\/span><\/td>\n<td width=\"57\"><\/td>\n<td width=\"235\"><\/td>\n<td><\/td>\n<td><\/td>\n<\/tr>\n<tr>\n<td>2.8.2016<\/td>\n<td>Kuivakangas<\/td>\n<td>\u00d6IF<\/td>\n<td width=\"235\">Rv 99, 6 km Matarengist\u00e4 pohjoiseen<\/td>\n<td><a href=\"http:\/\/www.lansirajanrasti.fi\/wordpress\/wp-content\/uploads\/2016\/05\/t20160802.htm\">Tulokset<\/a><\/td>\n<td><a href=\"http:\/\/www.lansirajanrasti.fi\/wordpress\/wp-content\/uploads\/2016\/05\/v20160802.htm\">V\u00e4liajat<\/a><\/td>\n<\/tr>\n<tr>\n<td>9.8.2016<\/td>\n<td>Poikkilahti<\/td>\n<td width=\"57\">L\u00e4nRa<\/td>\n<td width=\"235\">Vt. 21, 15 km Ylitorniolta etel\u00e4\u00e4n<\/td>\n<td><a href=\"http:\/\/www.lansirajanrasti.fi\/wordpress\/wp-content\/uploads\/2016\/05\/t20160908.html\">Tulokset<\/a><\/td>\n<td><a href=\"http:\/\/www.lansirajanrasti.fi\/wordpress\/wp-content\/uploads\/2016\/05\/v20160908.html\">V\u00e4liajat<\/a><\/td>\n<\/tr>\n<tr>\n<td>16.8.2016<\/td>\n<td>Kuivakangas<\/td>\n<td>\u00d6IF<\/td>\n<td width=\"235\">Rv 99, 6 km Matarengist\u00e4 pohjoiseen<\/td>\n<td><a href=\"http:\/\/www.lansirajanrasti.fi\/wordpress\/wp-content\/uploads\/2016\/05\/t20160816.htm\">Tulokset<\/a><\/td>\n<td><a href=\"http:\/\/www.lansirajanrasti.fi\/wordpress\/wp-content\/uploads\/2016\/05\/v20160908.html\">V\u00e4liajat<\/a><\/td>\n<\/tr>\n<tr>\n<td>23.8.2016<\/td>\n<td width=\"139\">Kauliranta<\/td>\n<td width=\"57\">L\u00e4nRa<\/td>\n<td width=\"235\">Vt. 21 18 km Ylitorniolta pohjoiseen<\/td>\n<td><a href=\"http:\/\/www.lansirajanrasti.fi\/wordpress\/wp-content\/uploads\/2016\/05\/t20160823.html\">Tulokset<\/a><\/td>\n<td><a href=\"http:\/\/www.lansirajanrasti.fi\/wordpress\/wp-content\/uploads\/2016\/05\/v20160823.html\">V\u00e4liajat<\/a><\/td>\n<\/tr>\n<tr>\n<td>30.8.2016<\/td>\n<td>Ojala<\/td>\n<td>\u00d6IF<\/td>\n<td width=\"235\">Pistooliampumarata, Rv 99, 2 km Matarengist\u00e4 etel\u00e4\u00e4n<\/td>\n<td><a href=\"http:\/\/www.lansirajanrasti.fi\/wordpress\/wp-content\/uploads\/2016\/05\/t20160830.htm\">Tulokset<\/a><\/td>\n<td><a href=\"http:\/\/www.lansirajanrasti.fi\/wordpress\/wp-content\/uploads\/2016\/05\/v20160830.htm\">V\u00e4liajat<\/a><\/td>\n<\/tr>\n<tr>\n<td>6.9.2016<\/td>\n<td>Ainiovaara<\/td>\n<td width=\"57\">L\u00e4nRa<\/td>\n<td width=\"235\">Ylitornion keskusta\/Alkkulanraitti<\/td>\n<td><a href=\"http:\/\/www.lansirajanrasti.fi\/wordpress\/wp-content\/uploads\/2016\/05\/t20160906.pdf\">Tulokset<\/a><\/td>\n<td><a href=\"http:\/\/www.lansirajanrasti.fi\/wordpress\/wp-content\/uploads\/2016\/05\/v20160906.txt\">V\u00e4liajat<\/a><\/td>\n<\/tr>\n<tr>\n<td>13.9.2016<\/td>\n<td>Turovaara<\/td>\n<td>\u00d6IF<\/td>\n<td width=\"235\">Orjasj\u00e4rventie, 2 km Matarengist\u00e4 l\u00e4nteen.<\/td>\n<td><a href=\"http:\/\/www.lansirajanrasti.fi\/wordpress\/wp-content\/uploads\/2016\/05\/t20160913.htm\">Tulokset<\/a><\/td>\n<td><a href=\"http:\/\/www.lansirajanrasti.fi\/wordpress\/wp-content\/uploads\/2016\/05\/v20160913.htm\">V\u00e4liajat<\/a><\/td>\n<\/tr>\n<tr>\n<td>20.9.2016<\/td>\n<td>Aavasaksa<\/td>\n<td>L\u00e4nRa<\/td>\n<td width=\"235\">Vt. 21 Aavasaksalta<\/td>\n<td><a href=\"http:\/\/www.lansirajanrasti.fi\/wordpress\/wp-content\/uploads\/2016\/05\/t20160920.html\">Tulokset<\/a><\/td>\n<td><a href=\"http:\/\/www.lansirajanrasti.fi\/wordpress\/wp-content\/uploads\/2016\/05\/v20160920.html\">V\u00e4liajat <\/a><\/td>\n<\/tr>\n<\/tbody>\n<\/table>\n","protected":false},"excerpt":{"rendered":"<p>J\u00e4rjest\u00e4v\u00e4t seurat:\u00a0L\u00e4nRa ja \u00d6IF Yhteyshenkil\u00f6:\u00a0Marja Matila, puh. 040 571 9527 Aika:\u00a0Tiistaisin, l\u00e4hd\u00f6t klo 18-19 Suomen aikaa Maksut:\u00a04\u20ac \/ 35SEK, alle 16v. ilmaiseksi Tiedotus:\u00a0Edellisen viikon Me\u00e4n Tornionlaakso -lehti ja iltarastip\u00e4iv\u00e4n Pohjolan Sanomat Radat:\u00a0Kolme eripituista ja eri taitotasoista rataa, sek\u00e4 rastireitti ja tukireitti tai eritt\u00e4in helppo rata. Rajarasteille osallistuneiden kesken arvotaan 50\u20ac ostokortteja v\u00e4hint\u00e4\u00e4n 3 kertaa osallistuneiden\u2026 <span class=\"read-more\"><a href=\"http:\/\/www.lansirajanrasti.fi\/wordpress\/kuntosuunnistus\/arkisto\/rajarastit-2016\/\">Read More &raquo;<\/a><\/span><\/p>\n","protected":false},"author":4,"featured_media":0,"parent":61,"menu_order":0,"comment_status":"closed","ping_status":"closed","template":"page-templates\/full-width.php","meta":{"footnotes":""},"_links":{"self":[{"href":"http:\/\/www.lansirajanrasti.fi\/wordpress\/wp-json\/wp\/v2\/pages\/346"}],"collection":[{"href":"http:\/\/www.lansirajanrasti.fi\/wordpress\/wp-json\/wp\/v2\/pages"}],"about":[{"href":"http:\/\/www.lansirajanrasti.fi\/wordpress\/wp-json\/wp\/v2\/types\/page"}],"author":[{"embeddable":true,"href":"http:\/\/www.lansirajanrasti.fi\/wordpress\/wp-json\/wp\/v2\/users\/4"}],"replies":[{"embeddable":true,"href":"http:\/\/www.lansirajanrasti.fi\/wordpress\/wp-json\/wp\/v2\/comments?post=346"}],"version-history":[{"count":22,"href":"http:\/\/www.lansirajanrasti.fi\/wordpress\/wp-json\/wp\/v2\/pages\/346\/revisions"}],"predecessor-version":[{"id":520,"href":"http:\/\/www.lansirajanrasti.fi\/wordpress\/wp-json\/wp\/v2\/pages\/346\/revisions\/520"}],"up":[{"embeddable":true,"href":"http:\/\/www.lansirajanrasti.fi\/wordpress\/wp-json\/wp\/v2\/pages\/61"}],"wp:attachment":[{"href":"http:\/\/www.lansirajanrasti.fi\/wordpress\/wp-json\/wp\/v2\/media?parent=346"}],"curies":[{"name":"wp","href":"https:\/\/api.w.org\/{rel}","templated":true}]}}