{"id":20,"date":"2013-06-14T10:38:20","date_gmt":"2013-06-14T07:38:20","guid":{"rendered":"http:\/\/www.lansirajanrasti.fi\/wordpress\/?page_id=20"},"modified":"2013-07-07T11:35:23","modified_gmt":"2013-07-07T08:35:23","slug":"rajarastit-2012","status":"publish","type":"page","link":"http:\/\/www.lansirajanrasti.fi\/wordpress\/kuntosuunnistus\/arkisto\/rajarastit-2012\/","title":{"rendered":"Rajarastit 2012"},"content":{"rendered":"<p><strong>J\u00e4rjest\u00e4v\u00e4t seurat:\u00a0<\/strong>L\u00e4nRa ja \u00d6IF<\/p>\n<p><strong>Yhteyshenkil\u00f6:\u00a0<\/strong>Raimo Tolonen, puh. 040 571 6218<\/p>\n<p><strong>Aika:\u00a0<\/strong>Tiistaisin, l\u00e4hd\u00f6t klo 18-19 Suomen aikaa<\/p>\n<p><strong>Maksut:\u00a0<\/strong>3\u20ac\/30SEK, alle 16v. ilmaiseksi<\/p>\n<p><strong>Tiedotus:\u00a0<\/strong>Edellisen viikon Me\u00e4n Tornionlaakso -lehti ja iltarastip\u00e4iv\u00e4n Pohjolan Sanomat<\/p>\n<table border=\"0\" cellspacing=\"0\">\n<thead>\n<tr>\n<th>\n<p id=\"contact-slidertabs\">Pvm<\/p>\n<\/th>\n<th>\n<p id=\"contact-slidertabs\">\u00a0Paikka<\/p>\n<\/th>\n<th>\n<p id=\"contact-slidertabs\">\u00a0J\u00e4rjest\u00e4j\u00e4<\/p>\n<\/th>\n<th>\n<p id=\"contact-slidertabs\">\u00a0Opastus<\/p>\n<\/th>\n<th>\n<p id=\"contact-slidertabs\">\u00a0Tulokset<\/p>\n<\/th>\n<th>\n<p id=\"contact-slidertabs\">V\u00e4liajat<\/p>\n<\/th>\n<\/tr>\n<\/thead>\n<tbody>\n<tr>\n<td>\u00a015.5.<\/td>\n<td>\u00d6vertorne\u00e5 &#8211; S\u00e4rkivaara<\/td>\n<td>\u00d6IF<\/td>\n<td>\u00d6vertorne\u00e5n urheilukentt\u00e4<\/td>\n<td><a href=\"http:\/\/www.lansirajanrasti.fi\/www\/files\/rajarastit\/2012\/t15052012.htm\">Tulokset<\/a><\/td>\n<td><a href=\"http:\/\/www.lansirajanrasti.fi\/www\/files\/rajarastit\/2012\/v15052012.htm\">V\u00e4liajat<\/a><\/td>\n<\/tr>\n<tr>\n<td>\u00a022.5.<\/td>\n<td>Poikkilahti<\/td>\n<td>L\u00e4nRa<\/td>\n<td>VT21, 15km Ylitorniolta etel\u00e4\u00e4n<\/td>\n<td><a href=\"http:\/\/www.lansirajanrasti.fi\/www\/files\/rajarastit\/2012\/t22052012.htm\">Tulokset<\/a><\/td>\n<td><a href=\"http:\/\/www.lansirajanrasti.fi\/www\/files\/rajarastit\/2012\/v22052012.htm\">V\u00e4liajat<\/a><\/td>\n<\/tr>\n<tr>\n<td>\u00a029.5.<\/td>\n<td>Isovaara<\/td>\n<td>\u00d6IF<\/td>\n<td>Turovaara, 2km l\u00e4nteen \u00d6vertorne\u00e5lta<\/td>\n<td><a href=\"http:\/\/www.lansirajanrasti.fi\/www\/files\/rajarastit\/2012\/t29052012.htm\">Tulokset<\/a><\/td>\n<td><a href=\"http:\/\/www.lansirajanrasti.fi\/www\/files\/rajarastit\/2012\/v29052012.htm\">V\u00e4liajat<\/a><\/td>\n<\/tr>\n<tr>\n<td>\u00a05.6.<\/td>\n<td>Eholampi<\/td>\n<td>L\u00e4nRa<\/td>\n<td>Ylitornion keskusta, Alkkulanraitti<\/td>\n<td><a href=\"http:\/\/www.lansirajanrasti.fi\/www\/files\/rajarastit\/2012\/t05062012.htm\">Tulokset<\/a><\/td>\n<td><a href=\"http:\/\/www.lansirajanrasti.fi\/www\/files\/rajarastit\/2012\/v05062012.htm\">V\u00e4liajat<\/a><\/td>\n<\/tr>\n<tr>\n<td>\u00a012.6.<\/td>\n<td>Ruskola<\/td>\n<td>\u00d6IF<\/td>\n<td>VT99, 3km \u00d6vertorne\u00e5lta etel\u00e4\u00e4n<\/td>\n<td><a href=\"http:\/\/www.lansirajanrasti.fi\/www\/files\/rajarastit\/2012\/t12062012.htm\">Tulokset<\/a><\/td>\n<td><a href=\"http:\/\/www.lansirajanrasti.fi\/www\/files\/rajarastit\/2012\/v12062012.htm\">V\u00e4liajat<\/a><\/td>\n<\/tr>\n<tr>\n<td>\u00a019.6.<\/td>\n<td>Ainiovaara<\/td>\n<td>L\u00e4nRa<\/td>\n<td>Ylitornion keskusta, Alkkulanraitti<\/td>\n<td><a href=\"http:\/\/www.lansirajanrasti.fi\/www\/files\/rajarastit\/2012\/t19062012.html\">Tulokset<\/a><\/td>\n<td><\/td>\n<\/tr>\n<tr>\n<td>\u00a026.6.<\/td>\n<td>Onkij\u00e4rvi<\/td>\n<td>\u00d6IF<\/td>\n<td>\u00a0VT99, 5km \u00d6vertorne\u00e5lta etel\u00e4\u00e4n<\/td>\n<td><a href=\"http:\/\/www.lansirajanrasti.fi\/www\/files\/rajarastit\/2012\/t26062012.htm\">Tulokset<\/a><\/td>\n<td><a href=\"http:\/\/www.lansirajanrasti.fi\/www\/files\/rajarastit\/2012\/v26062012.htm\">V\u00e4liajat<\/a><\/td>\n<\/tr>\n<tr>\n<td>\u00a03.7.<\/td>\n<td>Etel\u00e4-Portimo<\/td>\n<td>L\u00e4nRa<\/td>\n<td>Muurolantie<\/td>\n<td><a href=\"http:\/\/www.lansirajanrasti.fi\/www\/files\/rajarastit\/2012\/t03072012.html\">Tulokset<\/a><\/td>\n<td><a href=\"http:\/\/www.lansirajanrasti.fi\/www\/files\/rajarastit\/2012\/v03072012.html\">V\u00e4liajat<\/a><\/td>\n<\/tr>\n<tr>\n<td>\u00a010.7.<\/td>\n<td>Isovaara<\/td>\n<td>\u00d6IF<\/td>\n<td>VT99, 2km \u00d6vertorne\u00e5lta etel\u00e4\u00e4n<\/td>\n<td><a href=\"http:\/\/www.lansirajanrasti.fi\/www\/files\/rajarastit\/2012\/t10072012.htm\">Tulokset<\/a><\/td>\n<td><a href=\"http:\/\/www.lansirajanrasti.fi\/www\/files\/rajarastit\/2012\/v10072012.htm\">V\u00e4liajat<\/a><\/td>\n<\/tr>\n<tr>\n<td>\u00a017.7.<\/td>\n<td>Kaulinranta (Uusi kartta!)<\/td>\n<td>L\u00e4nRa<\/td>\n<td>VT21, 18km Ylitorniolta pohjoiseen<\/td>\n<td><a href=\"http:\/\/www.lansirajanrasti.fi\/www\/files\/rajarastit\/2012\/t17072012.htm\">Tulokset<\/a><\/td>\n<td><a href=\"http:\/\/www.lansirajanrasti.fi\/www\/files\/rajarastit\/2012\/v17072012.htm\">V\u00e4liajat<\/a><\/td>\n<\/tr>\n<tr>\n<td>\u00a024.7.<\/td>\n<td>Onkij\u00e4rvi<\/td>\n<td>\u00d6IF<\/td>\n<td>\u00a0VT99, 5km \u00d6vertorne\u00e5lta etel\u00e4\u00e4n<\/td>\n<td><a href=\"http:\/\/www.lansirajanrasti.fi\/www\/files\/rajarastit\/2012\/t24072012.htm\">Tulokset<\/a><\/td>\n<td><a href=\"http:\/\/www.lansirajanrasti.fi\/www\/files\/rajarastit\/2012\/v24072012.htm\">V\u00e4liajat<\/a><\/td>\n<\/tr>\n<tr>\n<td>\u00a031.7.<\/td>\n<td>Etel\u00e4-Portimo<\/td>\n<td>L\u00e4nRa<\/td>\n<td>Muurolantie<\/td>\n<td><a href=\"http:\/\/www.lansirajanrasti.fi\/www\/files\/rajarastit\/2012\/t31072012.html\">Tulokset<\/a><\/td>\n<td><a href=\"http:\/\/www.lansirajanrasti.fi\/www\/files\/rajarastit\/2012\/v31072012.html\">V\u00e4liajat<\/a><\/td>\n<\/tr>\n<tr>\n<td>\u00a07.8.<\/td>\n<td>Isovaara<\/td>\n<td>\u00d6IF<\/td>\n<td>\u00d6vertorne\u00e5n paloasema<\/td>\n<td><a href=\"http:\/\/www.lansirajanrasti.fi\/www\/files\/rajarastit\/2012\/t07082012.htm\">Tulokset<\/a><\/td>\n<td><a href=\"http:\/\/www.lansirajanrasti.fi\/www\/files\/rajarastit\/2012\/v07082012.htm\">V\u00e4liajat<\/a><\/td>\n<\/tr>\n<tr>\n<td>\u00a014.8.<\/td>\n<td>Ainiovaara, Laatas\/Jyppyr\u00e4<\/td>\n<td>L\u00e4nRa<\/td>\n<td>Ylitornion keskusta, Alkkulanraitti<\/td>\n<td><a href=\"http:\/\/www.lansirajanrasti.fi\/www\/files\/rajarastit\/2012\/t14082012.htm\">Tulokset<\/a><\/td>\n<td><a href=\"http:\/\/www.lansirajanrasti.fi\/www\/files\/rajarastit\/2012\/v14082012.html\">V\u00e4liajat<\/a><\/td>\n<\/tr>\n<tr>\n<td>\u00a021.8.<\/td>\n<td>Ojala<\/td>\n<td>\u00d6IF<\/td>\n<td>VT99, 2km \u00d6vertorne\u00e5lta etel\u00e4\u00e4n<\/td>\n<td><a href=\"http:\/\/www.lansirajanrasti.fi\/www\/files\/rajarastit\/2012\/t21082012.htm\">Tulokset<\/a><\/td>\n<td><a href=\"http:\/\/www.lansirajanrasti.fi\/www\/files\/rajarastit\/2012\/v21082012.htm\">V\u00e4liajat<\/a><\/td>\n<\/tr>\n<tr>\n<td>\u00a028.8.<\/td>\n<td>Kaulinranta (Uusi kartta)<\/td>\n<td>L\u00e4nRa<\/td>\n<td>VT21, 18km Ylitorniolta pohjoiseen<\/td>\n<td><a href=\"http:\/\/www.lansirajanrasti.fi\/www\/files\/rajarastit\/2012\/t28082012.html\">Tulokset<\/a><\/td>\n<td><a href=\"http:\/\/www.lansirajanrasti.fi\/www\/files\/rajarastit\/2012\/v28082012.html\">V\u00e4liajat<\/a><\/td>\n<\/tr>\n<tr>\n<td>\u00a04.9.<\/td>\n<td>Onkij\u00e4rvi<\/td>\n<td>\u00d6IF<\/td>\n<td>VT99, 5km \u00d6vertorne\u00e5lta etel\u00e4\u00e4n<\/td>\n<td><a href=\"http:\/\/www.lansirajanrasti.fi\/www\/files\/rajarastit\/2012\/t04092012.htm\">Tulokset<\/a><\/td>\n<td><a href=\"http:\/\/www.lansirajanrasti.fi\/www\/files\/rajarastit\/2012\/v04092012.htm\">V\u00e4liajat<\/a><\/td>\n<\/tr>\n<tr>\n<td>11.9.<\/td>\n<td>Etel\u00e4-Portimo<\/td>\n<td>L\u00e4nRa<\/td>\n<td>Muurolantie<\/td>\n<td><a href=\"http:\/\/www.lansirajanrasti.fi\/www\/files\/rajarastit\/2012\/t11092012.html\">Tulokset<\/a><\/td>\n<td><a href=\"http:\/\/www.lansirajanrasti.fi\/www\/files\/rajarastit\/2012\/v11092012.html\">V\u00e4liajat<\/a><\/td>\n<\/tr>\n<tr>\n<td>18.9.<\/td>\n<td>Isovaara<\/td>\n<td>\u00d6IF<\/td>\n<td>\u00d6vertorne\u00e5n urheilukentt\u00e4<\/td>\n<td><a href=\"http:\/\/www.lansirajanrasti.fi\/www\/files\/rajarastit\/2012\/t18092012.htm\">Tulokset<\/a><\/td>\n<td><a href=\"http:\/\/www.lansirajanrasti.fi\/www\/files\/rajarastit\/2012\/v18092012.htm\">V\u00e4liajat<\/a><\/td>\n<\/tr>\n<tr>\n<td>22.9.<\/td>\n<td>Palovaara<\/td>\n<td>Yhdess\u00e4<\/td>\n<td>Ylitornion keskusta, Alkkulanraitti<\/td>\n<td><a href=\"http:\/\/www.lansirajanrasti.fi\/www\/files\/rajarastit\/2012\/t22092012.htm\">Tulokset<\/a><\/td>\n<td><a href=\"http:\/\/www.lansirajanrasti.fi\/www\/files\/rajarastit\/2012\/v22092012.htm\">V\u00e4liajat<\/a><\/td>\n<\/tr>\n<\/tbody>\n<\/table>\n<p>&nbsp;<\/p>\n","protected":false},"excerpt":{"rendered":"<p>J\u00e4rjest\u00e4v\u00e4t seurat:\u00a0L\u00e4nRa ja \u00d6IF Yhteyshenkil\u00f6:\u00a0Raimo Tolonen, puh. 040 571 6218 Aika:\u00a0Tiistaisin, l\u00e4hd\u00f6t klo 18-19 Suomen aikaa Maksut:\u00a03\u20ac\/30SEK, alle 16v. ilmaiseksi Tiedotus:\u00a0Edellisen viikon Me\u00e4n Tornionlaakso -lehti ja iltarastip\u00e4iv\u00e4n Pohjolan Sanomat Pvm \u00a0Paikka \u00a0J\u00e4rjest\u00e4j\u00e4 \u00a0Opastus \u00a0Tulokset V\u00e4liajat \u00a015.5. \u00d6vertorne\u00e5 &#8211; S\u00e4rkivaara \u00d6IF \u00d6vertorne\u00e5n urheilukentt\u00e4 Tulokset V\u00e4liajat \u00a022.5. Poikkilahti L\u00e4nRa VT21, 15km Ylitorniolta etel\u00e4\u00e4n Tulokset V\u00e4liajat \u00a029.5. Isovaara\u2026 <span class=\"read-more\"><a href=\"http:\/\/www.lansirajanrasti.fi\/wordpress\/kuntosuunnistus\/arkisto\/rajarastit-2012\/\">Read More &raquo;<\/a><\/span><\/p>\n","protected":false},"author":4,"featured_media":0,"parent":61,"menu_order":1,"comment_status":"open","ping_status":"open","template":"","meta":{"footnotes":""},"_links":{"self":[{"href":"http:\/\/www.lansirajanrasti.fi\/wordpress\/wp-json\/wp\/v2\/pages\/20"}],"collection":[{"href":"http:\/\/www.lansirajanrasti.fi\/wordpress\/wp-json\/wp\/v2\/pages"}],"about":[{"href":"http:\/\/www.lansirajanrasti.fi\/wordpress\/wp-json\/wp\/v2\/types\/page"}],"author":[{"embeddable":true,"href":"http:\/\/www.lansirajanrasti.fi\/wordpress\/wp-json\/wp\/v2\/users\/4"}],"replies":[{"embeddable":true,"href":"http:\/\/www.lansirajanrasti.fi\/wordpress\/wp-json\/wp\/v2\/comments?post=20"}],"version-history":[{"count":5,"href":"http:\/\/www.lansirajanrasti.fi\/wordpress\/wp-json\/wp\/v2\/pages\/20\/revisions"}],"predecessor-version":[{"id":67,"href":"http:\/\/www.lansirajanrasti.fi\/wordpress\/wp-json\/wp\/v2\/pages\/20\/revisions\/67"}],"up":[{"embeddable":true,"href":"http:\/\/www.lansirajanrasti.fi\/wordpress\/wp-json\/wp\/v2\/pages\/61"}],"wp:attachment":[{"href":"http:\/\/www.lansirajanrasti.fi\/wordpress\/wp-json\/wp\/v2\/media?parent=20"}],"curies":[{"name":"wp","href":"https:\/\/api.w.org\/{rel}","templated":true}]}}