{"id":1922,"date":"2024-04-03T14:45:30","date_gmt":"2024-04-03T11:45:30","guid":{"rendered":"https:\/\/www.lansirajanrasti.fi\/wordpress\/?page_id=1922"},"modified":"2025-04-13T13:44:01","modified_gmt":"2025-04-13T10:44:01","slug":"rajarastit-2024","status":"publish","type":"page","link":"http:\/\/www.lansirajanrasti.fi\/wordpress\/kuntosuunnistus\/arkisto\/rajarastit-2024\/","title":{"rendered":"Rajarastit 2024"},"content":{"rendered":"\n<p class=\"has-small-font-size\">Rajarastit j\u00e4rjestet\u00e4\u00e4n yhteisty\u00f6ss\u00e4 \u00d6IF:n kanssa kes\u00e4ll\u00e4 2024. Maastoon p\u00e4\u00e4see klo 18-19 v\u00e4lill\u00e4. Radat A, B ja C. Kartat ovat j\u00e4senille ja lapsille ilmaisia ja muille 5 \u20ac. Rajarastitapahtumat l\u00f6yd\u00e4t my\u00f6s rastilippu.fi -palvelusta. L\u00e4nRan j\u00e4rjest\u00e4mien tapahtumien tulokset ja v\u00e4liajat tulevat my\u00f6s Rastilippuun.<\/p>\n\n\n<table style=\"height: 1195px;\" width=\"650\">\n<tbody>\n<tr>\n<td width=\"64\"><strong>Pvm<\/strong><\/td>\n<td width=\"241\"><strong>Osoite\u00a0<\/strong><\/td>\n<td width=\"128\"><strong>Kartan nimi<\/strong><\/td>\n<td width=\"234\"><strong>Lis\u00e4tieto<\/strong><\/td>\n<td width=\"40\"><strong>J\u00e4rjest\u00e4j\u00e4<\/strong><\/td>\n<td width=\"64\"><strong>Tulokset\u00a0<\/strong><\/td>\n<td width=\"59\"><strong>V\u00e4liajat<\/strong><\/td>\n<\/tr>\n<tr>\n<td width=\"64\">7.5.2024<\/td>\n<td width=\"241\">95732 \u00d6VERTORNE\u00c5, Idrottsv\u00e4gen 23<\/td>\n<td width=\"128\">S\u00e4rkivaara<\/td>\n<td width=\"234\">\u00d6vertorne\u00e5\/(S\u00e4rkivaara<br \/>\u00d6vertorne\u00e5n keskusta<\/td>\n<td width=\"40\">\u00d6IF<\/td>\n<td width=\"64\"><a href=\"http:\/\/www.lansirajanrasti.fi\/wordpress\/wp-content\/uploads\/2024\/08\/t20240507.html\">tulokset<\/a><\/td>\n<td width=\"59\"><a href=\"http:\/\/www.lansirajanrasti.fi\/wordpress\/wp-content\/uploads\/2024\/08\/v20240507.html\">v\u00e4liajat<\/a><\/td>\n<\/tr>\n<tr>\n<td width=\"64\">14.5.2024<\/td>\n<td width=\"241\">95600 Ylitornio\u00a0 Alkkulanraitti 46<\/td>\n<td width=\"128\">Ylitornion sprinttikartta<\/td>\n<td width=\"234\">Ylitornion koulukeskus Parkkitie 3<\/td>\n<td width=\"40\">L\u00e4nRa<\/td>\n<td width=\"64\">\u00a0<a href=\"https:\/\/www.rastilippu.fi\/kuntorastit\/tapahtuma\/09c89a82-07ac-4d42-be9e-75f079614239\/tulokset\/26b2e8a0-21d4-4ca4-894d-706e4d8643f5\">tulokset<\/a><\/td>\n<td width=\"59\">\u00a0<\/td>\n<\/tr>\n<tr>\n<td width=\"64\">21.5.2024<\/td>\n<td width=\"241\">95795 HEDEN\u00c4SET Skolbacken 14<\/td>\n<td width=\"128\">Heden\u00e4set<\/td>\n<td width=\"234\">Koivukyl\u00e4\/Heden\u00e4set <br \/>17km s\u00f6der \u00d6vertorne\u00e5<\/td>\n<td width=\"40\">\u00d6IF<\/td>\n<td width=\"64\">\u00a0<\/td>\n<td width=\"59\">\u00a0<\/td>\n<\/tr>\n<tr>\n<td width=\"64\">28.5.2024<\/td>\n<td width=\"241\">95615 Poikkilahti 4<\/td>\n<td width=\"128\">Poikkilahti<\/td>\n<td width=\"234\">Poikkilahti 15km <br \/>Ylitorniolta etel\u00e4\u00e4n<\/td>\n<td width=\"40\">L\u00e4nRa<\/td>\n<td width=\"64\"><a href=\"https:\/\/www.rastilippu.fi\/kuntorastit\/tapahtuma\/8ca9660c-d704-430c-b782-ea92ae04d80d\/tulokset\/7440b959-4aa0-4d5c-adb4-d883d2797956\">tulokset<\/a><\/td>\n<td width=\"59\">\u00a0<\/td>\n<\/tr>\n<tr>\n<td width=\"64\">4.6.2024<\/td>\n<td width=\"241\">95732 \u00d6VERTORNE\u00c5, Idrottsv\u00e4gen 23<\/td>\n<td width=\"128\">Isovaara<\/td>\n<td width=\"234\">\u00d6vertorne\u00e5\/Isovaara<br \/>\u00d6vertorne\u00e5n urheilukentt\u00e4<\/td>\n<td width=\"40\">\u00d6IF<\/td>\n<td width=\"64\"><a href=\"http:\/\/www.lansirajanrasti.fi\/wordpress\/wp-content\/uploads\/2024\/06\/grk240604.htm\">tulokset<\/a><\/td>\n<td width=\"59\"><a href=\"http:\/\/www.lansirajanrasti.fi\/wordpress\/wp-content\/uploads\/2024\/06\/grk240604str.htm\">v\u00e4liajat<\/a><\/td>\n<\/tr>\n<tr>\n<td width=\"64\">11.6.2024<\/td>\n<td width=\"241\">95600 Ylitornio Rajantie 183<\/td>\n<td width=\"128\">Palovaara<\/td>\n<td width=\"234\">Ylitornio\/Palovaara<\/td>\n<td width=\"40\">L\u00e4nRa<\/td>\n<td width=\"64\"><a href=\"https:\/\/www.rastilippu.fi\/kuntorastit\/tapahtuma\/c99311d8-8035-4c33-9c5f-eedf9d51d6d1\/tulokset\/dccc92a5-66f0-4812-a7a6-b883e9dfa697\">tulokset<\/a><\/td>\n<td width=\"59\">\u00a0<\/td>\n<\/tr>\n<tr>\n<td width=\"64\">18.6.2024<\/td>\n<td width=\"241\">95792 \u00d6VERTORNE\u00c5, Kuivakangas<\/td>\n<td width=\"128\">Kuivakangas<\/td>\n<td width=\"234\">Kuivakangas<br \/>Rv 99 6km \u00d6vertorne\u00e5lta pohjoiseen<\/td>\n<td width=\"40\">\u00d6IF<\/td>\n<td width=\"64\"><a href=\"http:\/\/www.lansirajanrasti.fi\/wordpress\/wp-content\/uploads\/2024\/08\/Traningsorientering-18-juni-2024.docx\">tulokset<\/a><\/td>\n<td width=\"59\">\u00a0<\/td>\n<\/tr>\n<tr>\n<td width=\"64\">25.6.2024<\/td>\n<td width=\"241\">95600 Ylitornio, Alkkulanrinne 7<\/td>\n<td width=\"128\">Ainiovaara<\/td>\n<td width=\"234\">Ylitornio\/Ainiovaara<\/td>\n<td width=\"40\">L\u00e4nRa<\/td>\n<td width=\"64\"><a href=\"https:\/\/www.rastilippu.fi\/kuntorastit\/tapahtuma\/49f812b0-47f9-4cba-9cc0-ad50fcb2ad53\/tulokset\/dca59210-acd9-484d-babb-7a3d1b9beb6d\">tulokset<\/a><\/td>\n<td width=\"59\">\u00a0<\/td>\n<\/tr>\n<tr>\n<td width=\"64\">2.7.2024<\/td>\n<td width=\"241\">95792 \u00d6VERTORNE\u00c5, Kuivakangas<\/td>\n<td width=\"128\">Kuivakangas<\/td>\n<td width=\"234\">Kuivakangas<br \/>Rv 99 6km \u00d6vertorne\u00e5lta pohjoiseen<\/td>\n<td width=\"40\">\u00d6IF<\/td>\n<td width=\"64\"><a href=\"http:\/\/www.lansirajanrasti.fi\/wordpress\/wp-content\/uploads\/2024\/08\/Traningsorientering-2-juli-2024.docx\">tulokset<\/a><\/td>\n<td width=\"59\">\u00a0<\/td>\n<\/tr>\n<tr>\n<td width=\"64\">9.7.2024<\/td>\n<td width=\"241\">95620 Aavasaksa, Aavasaksanvaarantie 180<\/td>\n<td width=\"128\">Aavasaksa<\/td>\n<td width=\"234\">Aavasaksa vt21 Aavasaksa<\/td>\n<td width=\"40\">L\u00e4nRa<\/td>\n<td width=\"64\"><a href=\"https:\/\/www.rastilippu.fi\/kuntorastit\/tapahtuma\/122c8675-b857-4f3f-bae3-404d52a1f3be\/tulokset\/c203be6a-19ab-46f9-a950-f98f2fac0edd\">tulokset<\/a><\/td>\n<td width=\"59\">\u00a0<\/td>\n<\/tr>\n<tr>\n<td width=\"64\">16.7.2024<\/td>\n<td width=\"241\">95732 \u00d6VERTORNE\u00c5, Ruskola 245<\/td>\n<td width=\"128\">Onkij\u00e4rvi<\/td>\n<td width=\"234\">Onkij\u00e4rvi<br \/>Rv 99 5km \u00d6vertorne\u00e5lta etel\u00e4\u00e4n<\/td>\n<td width=\"40\">\u00d6IF<\/td>\n<td width=\"64\"><a href=\"http:\/\/www.lansirajanrasti.fi\/wordpress\/wp-content\/uploads\/2024\/08\/grk240716.htm\">tulokset<\/a><\/td>\n<td width=\"59\"><a href=\"http:\/\/www.lansirajanrasti.fi\/wordpress\/wp-content\/uploads\/2024\/08\/grk240716str.htm\">v\u00e4liajat<\/a><\/td>\n<\/tr>\n<tr>\n<td width=\"64\">23.7.2024<\/td>\n<td width=\"241\">95635 Ylitornio, Outilovaarantie<\/td>\n<td width=\"128\">Outilovaara<\/td>\n<td width=\"234\">Kauliranta vt 21 Kauliranta<\/td>\n<td width=\"40\">L\u00e4nRa<\/td>\n<td width=\"64\"><a href=\"https:\/\/www.rastilippu.fi\/kuntorastit\/tapahtuma\/7592d4a3-8580-495f-9392-b767469d8b9b\/tulokset\/27fa53b8-6532-4612-a7ac-bd3ade38bfa7\">tulokset<\/a><\/td>\n<td width=\"59\">\u00a0<\/td>\n<\/tr>\n<tr>\n<td width=\"64\">30.7.2024<\/td>\n<td width=\"241\">95732 \u00d6VERTORNE\u00c5, Ruskola 245<\/td>\n<td width=\"128\">Onkij\u00e4rvi<\/td>\n<td width=\"234\">Onkij\u00e4rvi<br \/>Rv 99 5km \u00d6vertorne\u00e5lta etel\u00e4\u00e4n<\/td>\n<td width=\"40\">\u00d6IF<\/td>\n<td width=\"64\"><a href=\"http:\/\/www.lansirajanrasti.fi\/wordpress\/wp-content\/uploads\/2024\/07\/grk240730.htm\">tulokset<\/a><\/td>\n<td width=\"59\"><a href=\"http:\/\/www.lansirajanrasti.fi\/wordpress\/wp-content\/uploads\/2024\/07\/grk240730str.htm\">v\u00e4liajat<\/a><\/td>\n<\/tr>\n<tr>\n<td width=\"64\">6.8.2024<\/td>\n<td width=\"241\">95610 Kainuunkyl\u00e4, Huitaperintie<\/td>\n<td width=\"128\">Huitaperi<\/td>\n<td width=\"234\">Huitaperi 12km Ylitorniolta etel\u00e4\u00e4n<\/td>\n<td width=\"40\">L\u00e4nRa<\/td>\n<td width=\"64\"><a href=\"https:\/\/www.rastilippu.fi\/kuntorastit\/tapahtuma\/7ba7bf40-15ec-481c-a3ec-58cc59edd073\/tulokset\/3c2e34b9-9210-487f-8a95-0f02de6c4914\">tulokset<\/a><\/td>\n<td width=\"59\">\u00a0<\/td>\n<\/tr>\n<tr>\n<td width=\"64\">13.8.2024<\/td>\n<td width=\"241\">95732 \u00d6VERTORNE\u00c5, Ruskola 20<\/td>\n<td width=\"128\">Ojala<\/td>\n<td width=\"234\">Ojala<br \/>Rv 99 2 km s\u00f6der \u00d6vertorne\u00e5<\/td>\n<td width=\"40\">\u00d6IF<\/td>\n<td width=\"64\"><a href=\"http:\/\/www.lansirajanrasti.fi\/wordpress\/wp-content\/uploads\/2024\/08\/grk240813.htm\">tulokset<\/a><\/td>\n<td width=\"59\"><a href=\"http:\/\/www.lansirajanrasti.fi\/wordpress\/wp-content\/uploads\/2024\/08\/grk240813str.htm\">v\u00e4liajat<\/a><\/td>\n<\/tr>\n<tr>\n<td width=\"64\">20.8.2024<\/td>\n<td width=\"241\">95796 \u00d6VERTORNE\u00c5, Tingshusv\u00e4gen<\/td>\n<td width=\"128\">Turovaara<\/td>\n<td width=\"234\">Turovaara<br \/>Orjasj\u00e4rviv\u00e4gen, 2km \u00d6vertorne\u00e5lta l\u00e4nteen<\/td>\n<td width=\"40\">\u00d6IF<\/td>\n<td width=\"64\"><a href=\"http:\/\/www.lansirajanrasti.fi\/wordpress\/wp-content\/uploads\/2024\/08\/grk240820.htm\">tulokset<\/a><\/td>\n<td width=\"59\"><a href=\"http:\/\/www.lansirajanrasti.fi\/wordpress\/wp-content\/uploads\/2024\/08\/grk240820str.htm\">v\u00e4liajat<\/a><\/td>\n<\/tr>\n<tr>\n<td width=\"64\">6.9.2024<\/td>\n<td width=\"241\">95732 \u00d6VERTORNE\u00c5<\/td>\n<td width=\"128\">\u00d6vertorne\u00e5n<\/td>\n<td width=\"234\">Y\u00f6suunnistus<br \/>\u00d6vertorne\u00e5n keskustan urheilukentt\u00e4<\/td>\n<td width=\"40\">\u00d6IF<\/td>\n<td width=\"64\">\u00a0<\/td>\n<td width=\"59\">\u00a0<\/td>\n<\/tr>\n<\/tbody>\n<\/table>","protected":false},"excerpt":{"rendered":"<p>Rajarastit j\u00e4rjestet\u00e4\u00e4n yhteisty\u00f6ss\u00e4 \u00d6IF:n kanssa kes\u00e4ll\u00e4 2024. Maastoon p\u00e4\u00e4see klo 18-19 v\u00e4lill\u00e4. Radat A, B ja C. Kartat ovat j\u00e4senille ja lapsille ilmaisia ja muille 5 \u20ac. Rajarastitapahtumat l\u00f6yd\u00e4t my\u00f6s rastilippu.fi -palvelusta. L\u00e4nRan j\u00e4rjest\u00e4mien tapahtumien tulokset ja v\u00e4liajat tulevat my\u00f6s Rastilippuun. Pvm Osoite\u00a0 Kartan nimi Lis\u00e4tieto J\u00e4rjest\u00e4j\u00e4 Tulokset\u00a0 V\u00e4liajat 7.5.2024 95732 \u00d6VERTORNE\u00c5, Idrottsv\u00e4gen 23 S\u00e4rkivaara\u2026 <span class=\"read-more\"><a href=\"http:\/\/www.lansirajanrasti.fi\/wordpress\/kuntosuunnistus\/arkisto\/rajarastit-2024\/\">Read More &raquo;<\/a><\/span><\/p>\n","protected":false},"author":3,"featured_media":0,"parent":61,"menu_order":-1,"comment_status":"closed","ping_status":"closed","template":"","meta":{"footnotes":""},"_links":{"self":[{"href":"http:\/\/www.lansirajanrasti.fi\/wordpress\/wp-json\/wp\/v2\/pages\/1922"}],"collection":[{"href":"http:\/\/www.lansirajanrasti.fi\/wordpress\/wp-json\/wp\/v2\/pages"}],"about":[{"href":"http:\/\/www.lansirajanrasti.fi\/wordpress\/wp-json\/wp\/v2\/types\/page"}],"author":[{"embeddable":true,"href":"http:\/\/www.lansirajanrasti.fi\/wordpress\/wp-json\/wp\/v2\/users\/3"}],"replies":[{"embeddable":true,"href":"http:\/\/www.lansirajanrasti.fi\/wordpress\/wp-json\/wp\/v2\/comments?post=1922"}],"version-history":[{"count":28,"href":"http:\/\/www.lansirajanrasti.fi\/wordpress\/wp-json\/wp\/v2\/pages\/1922\/revisions"}],"predecessor-version":[{"id":1993,"href":"http:\/\/www.lansirajanrasti.fi\/wordpress\/wp-json\/wp\/v2\/pages\/1922\/revisions\/1993"}],"up":[{"embeddable":true,"href":"http:\/\/www.lansirajanrasti.fi\/wordpress\/wp-json\/wp\/v2\/pages\/61"}],"wp:attachment":[{"href":"http:\/\/www.lansirajanrasti.fi\/wordpress\/wp-json\/wp\/v2\/media?parent=1922"}],"curies":[{"name":"wp","href":"https:\/\/api.w.org\/{rel}","templated":true}]}}