{"id":1842,"date":"2023-05-05T16:07:29","date_gmt":"2023-05-05T13:07:29","guid":{"rendered":"http:\/\/www.lansirajanrasti.fi\/wordpress\/?page_id=1842"},"modified":"2023-05-09T14:34:48","modified_gmt":"2023-05-09T11:34:48","slug":"kompassirastit-16-5-2023","status":"publish","type":"page","link":"http:\/\/www.lansirajanrasti.fi\/wordpress\/kompassirastit-16-5-2023\/","title":{"rendered":"Kompassirastit 16.5.2023"},"content":{"rendered":"<p>Lapin alueen Kompassirastien yksi osakilpailu suunnistetaan Ylitorniolla Rajarastien yhteydess\u00e4 ti 16.5.2023. Maastoon p\u00e4\u00e4see klo 18-19 v\u00e4lill\u00e4. Kilpailukeskus on Ylitornion keskusta (Alkkulanraitti 50, Ylitornio). Kartta on vuonna 2022 valmistunut uusi ja aiemmin suunnistamaton sprinttikartta.<\/p>\n<p>Kompassirastien sarjoja ovat H\/D10, 12, 14 ja 16. Kompassirasteille osallistuvat lapset ja nuoret ilmoittautuvat ennakkoon ma 15.5. klo 18 menness\u00e4. Ilmoittautumiset osoitteeseen marja.matila@pp.inet.fi. Ilmoittautumisessa kerrottava nimi, seura, sarja ja emitnumero. Osallistumismaksu on 5 euroa ja emitin vuokra 2 euroa. Lapset ja nuoret palkitaan pienell\u00e4 palkinnolla.<\/p>\n<p>Kompassirastien yhteydess\u00e4 on normaalit iltarastiradat A vaikea, B keskivaikea ja C helppo. Osallistumismaksu on 5 euroa ja emitvuokra 2 euroa. Ennakkoilmoittautumisia toivotaan my\u00f6s iltarastiosallistujilta, jotta karttoja voidaan tulostaa riitt\u00e4v\u00e4 m\u00e4\u00e4r\u00e4.<\/p>\n<p>Tapahtuman tiedot l\u00f6ytyv\u00e4t my\u00f6s Rastilippu.fi-palvelusta.<\/p>\n<p><a href=\"http:\/\/www.lansirajanrasti.fi\/wordpress\/kompassirastit-kilpailuohjeet\/\">Kilpailuohjeet ja ratapituudet<\/a><\/p>\n<p>Lis\u00e4tietoa njaako@gmail.com tai puh 0504144119.<\/p>\n","protected":false},"excerpt":{"rendered":"<p>Lapin alueen Kompassirastien yksi osakilpailu suunnistetaan Ylitorniolla Rajarastien yhteydess\u00e4 ti 16.5.2023. Maastoon p\u00e4\u00e4see klo 18-19 v\u00e4lill\u00e4. Kilpailukeskus on Ylitornion keskusta (Alkkulanraitti 50, Ylitornio). Kartta on vuonna 2022 valmistunut uusi ja aiemmin suunnistamaton sprinttikartta. Kompassirastien sarjoja ovat H\/D10, 12, 14 ja 16. Kompassirasteille osallistuvat lapset ja nuoret ilmoittautuvat ennakkoon ma 15.5. klo 18 menness\u00e4. Ilmoittautumiset osoitteeseen\u2026 <span class=\"read-more\"><a href=\"http:\/\/www.lansirajanrasti.fi\/wordpress\/kompassirastit-16-5-2023\/\">Read More &raquo;<\/a><\/span><\/p>\n","protected":false},"author":3,"featured_media":0,"parent":0,"menu_order":0,"comment_status":"closed","ping_status":"closed","template":"","meta":{"footnotes":""},"_links":{"self":[{"href":"http:\/\/www.lansirajanrasti.fi\/wordpress\/wp-json\/wp\/v2\/pages\/1842"}],"collection":[{"href":"http:\/\/www.lansirajanrasti.fi\/wordpress\/wp-json\/wp\/v2\/pages"}],"about":[{"href":"http:\/\/www.lansirajanrasti.fi\/wordpress\/wp-json\/wp\/v2\/types\/page"}],"author":[{"embeddable":true,"href":"http:\/\/www.lansirajanrasti.fi\/wordpress\/wp-json\/wp\/v2\/users\/3"}],"replies":[{"embeddable":true,"href":"http:\/\/www.lansirajanrasti.fi\/wordpress\/wp-json\/wp\/v2\/comments?post=1842"}],"version-history":[{"count":3,"href":"http:\/\/www.lansirajanrasti.fi\/wordpress\/wp-json\/wp\/v2\/pages\/1842\/revisions"}],"predecessor-version":[{"id":1854,"href":"http:\/\/www.lansirajanrasti.fi\/wordpress\/wp-json\/wp\/v2\/pages\/1842\/revisions\/1854"}],"wp:attachment":[{"href":"http:\/\/www.lansirajanrasti.fi\/wordpress\/wp-json\/wp\/v2\/media?parent=1842"}],"curies":[{"name":"wp","href":"https:\/\/api.w.org\/{rel}","templated":true}]}}