{"id":18,"date":"2013-06-14T10:37:25","date_gmt":"2013-06-14T07:37:25","guid":{"rendered":"http:\/\/www.lansirajanrasti.fi\/wordpress\/?page_id=18"},"modified":"2016-12-15T09:38:05","modified_gmt":"2016-12-15T07:38:05","slug":"kilpailut","status":"publish","type":"page","link":"http:\/\/www.lansirajanrasti.fi\/wordpress\/kilpailut\/","title":{"rendered":"Kilpailut"},"content":{"rendered":"<p><strong>L\u00e4nsi-Rajan Rastin kilpailuja<\/strong><\/p>\n<p>&nbsp;<\/p>\n<p>2017<\/p>\n<ul>\n<li><a href=\"http:\/\/lapinlumirastit.fi\/2017\/\" target=\"_blank\">Lapin Lumirastit ja SM erikoispitk\u00e4<\/a><\/li>\n<\/ul>\n<p>2016<\/p>\n<ul>\n<li><a href=\"http:\/\/www.lansirajanrasti.fi\/wordpress\/kilpailut\/tornionlaakson-rastipaivat-2016\/\">Tornionlaakson Rastip\u00e4iv\u00e4t<\/a><\/li>\n<\/ul>\n<p>2014<\/p>\n<ul>\n<li><a href=\"http:\/\/www.tunturisuunnistus.fi\/2014\/\" target=\"_blank\"><span style=\"line-height: 13px;\">Suomen Tunturisuunnistus<\/span><\/a><\/li>\n<\/ul>\n<p>2013<\/p>\n<ul>\n<li><a href=\"http:\/\/www.ensilumenrastit.fi\" target=\"_blank\"><span style=\"line-height: 13px;\">Ensilumen Rastit<\/span><\/a><\/li>\n<\/ul>\n<p>2012<\/p>\n<ul>\n<li>Tornionlaakson Rastip\u00e4iv\u00e4t<\/li>\n<li>Lapin AM-y\u00f6 21.9.2012<\/li>\n<\/ul>\n<p>2011<\/p>\n<ul>\n<li>Hiihtosuunnistuksen SM-Erikoispitk\u00e4matka ja Lapin Lumirastit<\/li>\n<\/ul>\n<p>2010<\/p>\n<ul>\n<li>Hiihtosuunnistuksen AM-keskimatka ja sprintti<\/li>\n<\/ul>\n<p>2009<\/p>\n<ul>\n<li>Tornionlaakson Rastip\u00e4iv\u00e4t<\/li>\n<li>Lapin AM-y\u00f6<\/li>\n<\/ul>\n<p>2008<\/p>\n<ul>\n<li>Lapin AM-pitk\u00e4matka ja maakuntaviesti<\/li>\n<\/ul>\n<p>2007<\/p>\n<ul>\n<li>Hiihtosuunnistuksen SM-sprintti ja Lapin Lumirastit<\/li>\n<\/ul>\n<p>2006<\/p>\n<ul>\n<li>Tornionlaakson Rastip\u00e4iv\u00e4t<\/li>\n<\/ul>\n<p>2005<\/p>\n<ul>\n<li>Tornionlaakson Rastip\u00e4iv\u00e4t<\/li>\n<\/ul>\n<p>2004<\/p>\n<ul>\n<li>Tornionlaakson Rastip\u00e4iv\u00e4t<\/li>\n<\/ul>\n<p>2003<\/p>\n<ul>\n<li>Hiihtosuunnistuksen SM-pikamatka ja Lumi-Toukola<\/li>\n<li>Tornionlaakson Rastip\u00e4iv\u00e4t<\/li>\n<\/ul>\n<p>2002<\/p>\n<ul>\n<li>Tornionlaakson Rastip\u00e4iv\u00e4t<\/li>\n<\/ul>\n","protected":false},"excerpt":{"rendered":"<p>L\u00e4nsi-Rajan Rastin kilpailuja &nbsp; 2017 Lapin Lumirastit ja SM erikoispitk\u00e4 2016 Tornionlaakson Rastip\u00e4iv\u00e4t 2014 Suomen Tunturisuunnistus 2013 Ensilumen Rastit 2012 Tornionlaakson Rastip\u00e4iv\u00e4t Lapin AM-y\u00f6 21.9.2012 2011 Hiihtosuunnistuksen SM-Erikoispitk\u00e4matka ja Lapin Lumirastit 2010 Hiihtosuunnistuksen AM-keskimatka ja sprintti 2009 Tornionlaakson Rastip\u00e4iv\u00e4t Lapin AM-y\u00f6 2008 Lapin AM-pitk\u00e4matka ja maakuntaviesti 2007 Hiihtosuunnistuksen SM-sprintti ja Lapin Lumirastit 2006 Tornionlaakson Rastip\u00e4iv\u00e4t\u2026 <span class=\"read-more\"><a href=\"http:\/\/www.lansirajanrasti.fi\/wordpress\/kilpailut\/\">Read More &raquo;<\/a><\/span><\/p>\n","protected":false},"author":4,"featured_media":0,"parent":0,"menu_order":0,"comment_status":"closed","ping_status":"closed","template":"","meta":{"footnotes":""},"_links":{"self":[{"href":"http:\/\/www.lansirajanrasti.fi\/wordpress\/wp-json\/wp\/v2\/pages\/18"}],"collection":[{"href":"http:\/\/www.lansirajanrasti.fi\/wordpress\/wp-json\/wp\/v2\/pages"}],"about":[{"href":"http:\/\/www.lansirajanrasti.fi\/wordpress\/wp-json\/wp\/v2\/types\/page"}],"author":[{"embeddable":true,"href":"http:\/\/www.lansirajanrasti.fi\/wordpress\/wp-json\/wp\/v2\/users\/4"}],"replies":[{"embeddable":true,"href":"http:\/\/www.lansirajanrasti.fi\/wordpress\/wp-json\/wp\/v2\/comments?post=18"}],"version-history":[{"count":5,"href":"http:\/\/www.lansirajanrasti.fi\/wordpress\/wp-json\/wp\/v2\/pages\/18\/revisions"}],"predecessor-version":[{"id":531,"href":"http:\/\/www.lansirajanrasti.fi\/wordpress\/wp-json\/wp\/v2\/pages\/18\/revisions\/531"}],"wp:attachment":[{"href":"http:\/\/www.lansirajanrasti.fi\/wordpress\/wp-json\/wp\/v2\/media?parent=18"}],"curies":[{"name":"wp","href":"https:\/\/api.w.org\/{rel}","templated":true}]}}