{"id":1658,"date":"2021-08-02T14:58:57","date_gmt":"2021-08-02T11:58:57","guid":{"rendered":"http:\/\/www.lansirajanrasti.fi\/wordpress\/?page_id=1658"},"modified":"2021-08-09T21:01:58","modified_gmt":"2021-08-09T18:01:58","slug":"tulokset","status":"publish","type":"page","link":"http:\/\/www.lansirajanrasti.fi\/wordpress\/kilpailut\/lapin-maakuntaviesti-14-8-2021\/tulokset\/","title":{"rendered":"Tulokset"},"content":{"rendered":"<p>Tulokset <a href=\"https:\/\/www.alatornionpirkat.fi\/tulokset\">t\u00e4\u00e4lt\u00e4<\/a><\/p>\n","protected":false},"excerpt":{"rendered":"<p>Tulokset t\u00e4\u00e4lt\u00e4<\/p>\n","protected":false},"author":3,"featured_media":0,"parent":1637,"menu_order":0,"comment_status":"closed","ping_status":"closed","template":"","meta":{"footnotes":""},"_links":{"self":[{"href":"http:\/\/www.lansirajanrasti.fi\/wordpress\/wp-json\/wp\/v2\/pages\/1658"}],"collection":[{"href":"http:\/\/www.lansirajanrasti.fi\/wordpress\/wp-json\/wp\/v2\/pages"}],"about":[{"href":"http:\/\/www.lansirajanrasti.fi\/wordpress\/wp-json\/wp\/v2\/types\/page"}],"author":[{"embeddable":true,"href":"http:\/\/www.lansirajanrasti.fi\/wordpress\/wp-json\/wp\/v2\/users\/3"}],"replies":[{"embeddable":true,"href":"http:\/\/www.lansirajanrasti.fi\/wordpress\/wp-json\/wp\/v2\/comments?post=1658"}],"version-history":[{"count":3,"href":"http:\/\/www.lansirajanrasti.fi\/wordpress\/wp-json\/wp\/v2\/pages\/1658\/revisions"}],"predecessor-version":[{"id":1672,"href":"http:\/\/www.lansirajanrasti.fi\/wordpress\/wp-json\/wp\/v2\/pages\/1658\/revisions\/1672"}],"up":[{"embeddable":true,"href":"http:\/\/www.lansirajanrasti.fi\/wordpress\/wp-json\/wp\/v2\/pages\/1637"}],"wp:attachment":[{"href":"http:\/\/www.lansirajanrasti.fi\/wordpress\/wp-json\/wp\/v2\/media?parent=1658"}],"curies":[{"name":"wp","href":"https:\/\/api.w.org\/{rel}","templated":true}]}}