{"id":1600,"date":"2021-04-21T19:09:31","date_gmt":"2021-04-21T16:09:31","guid":{"rendered":"http:\/\/www.lansirajanrasti.fi\/wordpress\/?page_id=1600"},"modified":"2025-04-13T13:19:21","modified_gmt":"2025-04-13T10:19:21","slug":"rajarastit-2021","status":"publish","type":"page","link":"http:\/\/www.lansirajanrasti.fi\/wordpress\/kuntosuunnistus\/arkisto\/rajarastit-2021\/","title":{"rendered":"Rajarastit 2021"},"content":{"rendered":"<p>Ylitornion Rajarastit 2021<\/p>\n<p class=\"s2\">\n<p class=\"s2\"><span class=\"s5\"><span class=\"bumpedFont15\">Ylitornion rajarastit alkavat toukokuussa omatoimirasteilla kyl\u00e4n kartalla.<\/span><\/span><\/p>\n<p class=\"s2\"><span class=\"s5\"><span class=\"bumpedFont15\">Karttoja saa K-Supermarketin aulasta, jossa on infopiste, ohjeet, materiaali ja sijaintikartta. Rastit ovat maastossa aina viikon, jonka j\u00e4lkeen tehd\u00e4\u00e4n uusi rata. Maksuttomia omatoimirasteja kyl\u00e4kartalla on koko toukokuun ajan.<\/span><\/span><\/p>\n<p class=\"s2\">\n<p class=\"s2\"><span class=\"s5\"><span class=\"bumpedFont15\">Kes\u00e4kuussa alkavat normaalit Rajarastit. Rajarasteja on joka toinen tiistai 1.6.2021 alkaen.<\/span><\/span><\/p>\n<p class=\"s2\"><span class=\"s5\"><span class=\"bumpedFont15\">Rastiliput ovat maastossa seuraavaan viikon loppuun, jonka j\u00e4lkeen rastipaikalla j\u00e4\u00e4 viel\u00e4 paperinauha. <\/span><\/span><span class=\"s5\"><span class=\"bumpedFont15\">Rajarastip\u00e4iv\u00e4n j\u00e4lkeen keskiviikkona karttoja on saatavilla K-Supermarketissa. <\/span><\/span><\/p>\n<p class=\"s2\"><span class=\"s5\"><span class=\"bumpedFont15\">Kartat ovat \u201dei j\u00e4senille\u201d maksullisia. Karttoihin on painettu maksuohjeet.<\/span><\/span><\/p>\n<p class=\"s2\"><span style=\"font-size: inherit;\">Ratoja on kolme erilaista; helppo, keskivaikea ja vaativa.<\/span><\/p>\n<p class=\"s2\"><span class=\"s6\"><span class=\"bumpedFont15\">Helppo rata on lyhin, noin 1,5 km ja sopii suunnistusta aloitteleville, my\u00f6s lapsille vanhemman kanssa kierrett\u00e4v\u00e4ksi. Keskivaikea on noin 2,5 km ja vaativa <\/span><\/span><span class=\"s5\"><span class=\"bumpedFont15\">rata noin<\/span><\/span><span class=\"s6\"><span class=\"bumpedFont15\"> 5 km.<\/span><\/span><\/p>\n<p class=\"s2\"><span class=\"s6\"><span class=\"bumpedFont15\">Maastoon p\u00e4\u00e4see klo 18.00-19.00.<\/span><\/span><\/p>\n<p class=\"s2\"><span class=\"s6\"><span class=\"bumpedFont15\">Maksut: Aikuiset 5 \u20ac alle 16-vuotiaat ilmaiseksi. J\u00e4senille rastit ovat ilmaisia<\/span><\/span><\/p>\n<p class=\"s2\">\n<p class=\"s2\"><span class=\"s6\"><span class=\"bumpedFont15\">Rajarasteille osallistuneiden kesken arvotaan 50 \u20ac ostokortteja periaatteena: arvonta niiden kesken, jotka osallistuvat v\u00e4hint\u00e4\u00e4n 3 kertaa. Sen j\u00e4lkeisist\u00e4 kerroista saa aina lis\u00e4arvan \/ kerta. Arvonta erikseen alle ja yli 16-vuotiaille. Aikuisista ja nuorista eniten rasteilla k\u00e4ynyt palkitaan, tasatilanteessa k\u00e4ytet\u00e4\u00e4n arpaa. Ratamestarina toimiminen lasketaan mukaan.<\/span><\/span><\/p>\n<p class=\"s2\">\n<p class=\"s2\"><span class=\"s7\"><span class=\"bumpedFont20\"><br \/>\n<\/span><\/span><strong><span class=\"s6\"><span class=\"bumpedFont15\">Kes\u00e4n Rajarastit<\/span><\/span><\/strong><\/p>\n<p class=\"s2\">\n<p class=\"s2\"><span class=\"s8\"><span class=\"bumpedFont15\">A<\/span><\/span><span class=\"s8\"><span class=\"bumpedFont15\">ika<\/span><\/span>\u200b Paikka Opastus<\/p>\n<p class=\"s2\"><span class=\"s6\"><span class=\"bumpedFont15\">1.6.2021<\/span><\/span>\u200b\u00a0<span class=\"s6\"><span class=\"bumpedFont15\">Ainiovaara hiihtokeskus <\/span><\/span>\u200b<span class=\"s6\"><span class=\"bumpedFont15\">Ylitornion keskustan Alkkulanraitti<\/span><\/span><\/p>\n<p class=\"s2\"><span class=\"s6\"><span class=\"bumpedFont15\">15.6.2021<\/span><\/span>\u200b\u00a0<span class=\"s6\"><span class=\"bumpedFont15\">Poikkilahti<\/span><\/span>\u200b\u00a0<span class=\"s6\"><span class=\"bumpedFont15\">Vt. 21, 15 km Ylitorniolta etel\u00e4\u00e4n<\/span><\/span><\/p>\n<p class=\"s2\"><span class=\"s6\"><span class=\"bumpedFont15\">29.6.2021<\/span><\/span>\u200b\u00a0<span class=\"s6\"><span class=\"bumpedFont15\">Aavasaksa<\/span><\/span>\u200b\u00a0<span class=\"s6\"><span class=\"bumpedFont15\">Vt. 21 Aavasaksalta<\/span><\/span><\/p>\n<p class=\"s2\"><span class=\"s6\"><span class=\"bumpedFont15\">20.7.2021\u00a0<\/span><\/span>\u200b<span class=\"s6\"><span class=\"bumpedFont15\">Kauliranta<\/span><\/span>\u200b\u00a0<span class=\"s6\"><span class=\"bumpedFont15\">Vt. 21 18 km Ylitorniolta pohjoiseen<\/span><\/span><\/p>\n<p class=\"s2\"><span class=\"s6\"><span class=\"bumpedFont15\">3.8.2021\u200b\u00a0Aavasaksa\u200b\u00a0Vt. 21 Aavasaksalta<\/span><\/span><\/p>\n<p class=\"s2\"><span class=\"s6\"><span class=\"bumpedFont15\">17.8.2021<\/span><\/span>\u200b\u00a0<span class=\"s6\"><span class=\"bumpedFont15\">Ainiovaara<\/span><\/span>\u200b\u00a0<span class=\"s6\"><span class=\"bumpedFont15\">Ylitornion keskusta\/Alkkulanraitti<\/span><\/span><\/p>\n<p class=\"s2\"><span class=\"s6\"><span class=\"bumpedFont15\">31.8.2021\u00a0<\/span><\/span>\u200bAiniovaara,\u00a0<span class=\"s6\"><span class=\"bumpedFont15\">Karemajojentie 218, Ylitornio<\/span><\/span><\/p>\n","protected":false},"excerpt":{"rendered":"<p>Ylitornion Rajarastit 2021 Ylitornion rajarastit alkavat toukokuussa omatoimirasteilla kyl\u00e4n kartalla. Karttoja saa K-Supermarketin aulasta, jossa on infopiste, ohjeet, materiaali ja sijaintikartta. Rastit ovat maastossa aina viikon, jonka j\u00e4lkeen tehd\u00e4\u00e4n uusi rata. Maksuttomia omatoimirasteja kyl\u00e4kartalla on koko toukokuun ajan. Kes\u00e4kuussa alkavat normaalit Rajarastit. Rajarasteja on joka toinen tiistai 1.6.2021 alkaen. Rastiliput ovat maastossa seuraavaan viikon loppuun,\u2026 <span class=\"read-more\"><a href=\"http:\/\/www.lansirajanrasti.fi\/wordpress\/kuntosuunnistus\/arkisto\/rajarastit-2021\/\">Read More &raquo;<\/a><\/span><\/p>\n","protected":false},"author":4,"featured_media":0,"parent":61,"menu_order":-1,"comment_status":"closed","ping_status":"closed","template":"","meta":{"footnotes":""},"_links":{"self":[{"href":"http:\/\/www.lansirajanrasti.fi\/wordpress\/wp-json\/wp\/v2\/pages\/1600"}],"collection":[{"href":"http:\/\/www.lansirajanrasti.fi\/wordpress\/wp-json\/wp\/v2\/pages"}],"about":[{"href":"http:\/\/www.lansirajanrasti.fi\/wordpress\/wp-json\/wp\/v2\/types\/page"}],"author":[{"embeddable":true,"href":"http:\/\/www.lansirajanrasti.fi\/wordpress\/wp-json\/wp\/v2\/users\/4"}],"replies":[{"embeddable":true,"href":"http:\/\/www.lansirajanrasti.fi\/wordpress\/wp-json\/wp\/v2\/comments?post=1600"}],"version-history":[{"count":6,"href":"http:\/\/www.lansirajanrasti.fi\/wordpress\/wp-json\/wp\/v2\/pages\/1600\/revisions"}],"predecessor-version":[{"id":1702,"href":"http:\/\/www.lansirajanrasti.fi\/wordpress\/wp-json\/wp\/v2\/pages\/1600\/revisions\/1702"}],"up":[{"embeddable":true,"href":"http:\/\/www.lansirajanrasti.fi\/wordpress\/wp-json\/wp\/v2\/pages\/61"}],"wp:attachment":[{"href":"http:\/\/www.lansirajanrasti.fi\/wordpress\/wp-json\/wp\/v2\/media?parent=1600"}],"curies":[{"name":"wp","href":"https:\/\/api.w.org\/{rel}","templated":true}]}}