{"id":16,"date":"2013-06-14T10:36:38","date_gmt":"2013-06-14T07:36:38","guid":{"rendered":"http:\/\/www.lansirajanrasti.fi\/wordpress\/?page_id=16"},"modified":"2016-05-02T22:06:32","modified_gmt":"2016-05-02T19:06:32","slug":"rajarastit","status":"publish","type":"page","link":"http:\/\/www.lansirajanrasti.fi\/wordpress\/kuntosuunnistus\/arkisto\/rajarastit\/","title":{"rendered":"Rajarastit 2013"},"content":{"rendered":"<p>&nbsp;<\/p>\n<table border=\"0\" width=\"91\" cellspacing=\"0\" cellpadding=\"0\">\n<colgroup>\n<col \/><\/colgroup>\n<tbody>\n<tr>\n<td height=\"21\"><strong>J\u00e4rjest\u00e4v\u00e4t seurat:<\/strong>\u00a0L\u00e4nRa ja \u00d6IF<\/td>\n<\/tr>\n<tr>\n<td height=\"21\"><strong>Yhteyshenkil\u00f6:<\/strong>\u00a0Marja\u00a0 Matila, puh. 040 5719527<\/td>\n<\/tr>\n<tr>\n<td height=\"21\"><strong>Aika:<\/strong>\u00a0Tiistaisin, l\u00e4hd\u00f6t klo 18-19 Suomen aikaa<\/td>\n<\/tr>\n<tr>\n<td height=\"21\"><strong>Maksut:<\/strong>\u00a04\u20ac\/35 SEK, alle 16v. ilmaiseksi<\/td>\n<\/tr>\n<tr>\n<td height=\"21\"><strong>Tiedotus:<\/strong>\u00a0Edellisen viikon Me\u00e4n Tornionlaakso -lehti ja iltarastip\u00e4iv\u00e4n Pohjolan Sanomat<\/td>\n<\/tr>\n<tr>\n<td height=\"24\">Rajarasteille osallistuneiden kesken arvotaan ostokortteja 50 \u20ac, periaatteena &#8221;arvonta niiden kesken, jotka osallistuvat v\u00e4hint\u00e4\u00e4n kolme kertaa, sen j\u00e4lkeisist\u00e4 kerroista saa aina lis\u00e4arvan\/kerta.&#8221;<\/td>\n<\/tr>\n<tr>\n<td height=\"24\">Arvonta erikseen yli 16-vuotiaille ja alle 16-vuotiaille. Aikuisista ja nuorista alle 16 v. eniten rasteilla k\u00e4ynyt palkitaan, tasatilanteessa k\u00e4ytet\u00e4\u00e4n arpaa. Ratamestarina toimiminen lasketaan mukaan.<\/td>\n<\/tr>\n<tr>\n<td height=\"24\"><strong>Radat:<\/strong>\u00a0Kolme eripituista rataa sek\u00e4 rastireitti tai eritt\u00e4in helppo rata<\/td>\n<\/tr>\n<\/tbody>\n<\/table>\n<p>&nbsp;<\/p>\n<table border=\"0\" width=\"800\" cellspacing=\"0\" cellpadding=\"0\">\n<colgroup>\n<col \/>\n<col \/>\n<col \/>\n<col \/><\/colgroup>\n<tbody>\n<tr>\n<td height=\"21\">14.5.2013<\/td>\n<td>Poikkilahti<\/td>\n<td>L\u00e4nRa<\/td>\n<td>Vt. 21, 15 km Ylitorniolta etel\u00e4\u00e4n<\/td>\n<td><a href=\"http:\/\/www.lansirajanrasti.fi\/www\/files\/rajarastit\/2013\/t14052013.html\">Tulokset<\/a><\/td>\n<td><a href=\"http:\/\/www.lansirajanrasti.fi\/www\/files\/rajarastit\/2013\/v14052013.html\">V\u00e4liajat<\/a><\/td>\n<\/tr>\n<tr>\n<td height=\"21\">21.5.2013<\/td>\n<td>Matarengi\/S\u00e4rkivaara<\/td>\n<td>\u00d6IF<\/td>\n<td>Matarengin urheilukentt\u00e4<\/td>\n<td><a href=\"http:\/\/www.lansirajanrasti.fi\/www\/files\/rajarastit\/2013\/t21052013.htm\">Tulokset<\/a><\/td>\n<td><a href=\"http:\/\/www.lansirajanrasti.fi\/www\/files\/rajarastit\/2013\/v21052013.htm\">V\u00e4liajat<\/a><\/td>\n<\/tr>\n<tr>\n<td height=\"21\">28.5.2013<\/td>\n<td>Palovaara<\/td>\n<td>L\u00e4nRa<\/td>\n<td>Ylitornion keskusta\/Alkkulanraitti<\/td>\n<td><a href=\"http:\/\/www.lansirajanrasti.fi\/www\/files\/rajarastit\/2013\/t28052013.html\">Tulokset<\/a><\/td>\n<td><a href=\"http:\/\/www.lansirajanrasti.fi\/www\/files\/rajarastit\/2013\/v28052013.html\">V\u00e4liajat<\/a><\/td>\n<\/tr>\n<tr>\n<td height=\"21\">4.6.2013<\/td>\n<td>Isovaara<\/td>\n<td>\u00d6IF<\/td>\n<td>Matarengin urheilukentt\u00e4<\/td>\n<td><a href=\"http:\/\/www.lansirajanrasti.fi\/www\/files\/rajarastit\/2013\/t04062013.htm\">Tulokset<\/a><\/td>\n<td><a href=\"http:\/\/www.lansirajanrasti.fi\/www\/files\/rajarastit\/2013\/v04062013.htm\">V\u00e4liajat<\/a><\/td>\n<\/tr>\n<tr>\n<td height=\"21\">11.6.2013<\/td>\n<td>Ainiovaara\/Karemajat<\/td>\n<td>L\u00e4nRa<\/td>\n<td>Ylitornion keskusta\/Alkkulanraitti<\/td>\n<td><a href=\"http:\/\/www.lansirajanrasti.fi\/www\/files\/rajarastit\/2013\/t11062013.html\">Tulokset<\/a><\/td>\n<td><a href=\"http:\/\/www.lansirajanrasti.fi\/www\/files\/rajarastit\/2013\/v11062013.html\">V\u00e4liajat<\/a><\/td>\n<\/tr>\n<tr>\n<td height=\"21\">18.6.2013<\/td>\n<td>Ruskola<\/td>\n<td>\u00d6IF<\/td>\n<td>Ruskolan hiihtomaja, 3 km Rv 99 etel\u00e4\u00e4n<\/td>\n<td><\/td>\n<td><\/td>\n<\/tr>\n<tr>\n<td height=\"21\">25.6.2013<\/td>\n<td>Kauliranta<\/td>\n<td>L\u00e4nRa<\/td>\n<td>Vt. 21 18 km Ylitorniolta pohjoiseen<\/td>\n<td><a href=\"http:\/\/www.lansirajanrasti.fi\/www\/files\/rajarastit\/2013\/t25062013.html\">Tulokset<\/a><\/td>\n<td><a href=\"http:\/\/www.lansirajanrasti.fi\/www\/files\/rajarastit\/2013\/v25062013.html\">V\u00e4liajat<\/a><\/td>\n<\/tr>\n<tr>\n<td height=\"21\">2.7.2013<\/td>\n<td>Onkij\u00e4rvi<\/td>\n<td>\u00d6IF<\/td>\n<td>Vt. 99 5km etel\u00e4\u00e4n<\/td>\n<td><a href=\"http:\/\/www.lansirajanrasti.fi\/www\/files\/rajarastit\/2013\/t02072013.htm\">Tulokset<\/a><\/td>\n<td><a href=\"http:\/\/www.lansirajanrasti.fi\/www\/files\/rajarastit\/2013\/v02072013.htm\">V\u00e4liajat<\/a><\/td>\n<\/tr>\n<tr>\n<td height=\"21\">9.7.2013<\/td>\n<td>Viisavaara\/Ehovaara<\/td>\n<td>L\u00e4nRa<\/td>\n<td>Ylitornion keskusta\/Alkkulanraitin pohjoisp\u00e4\u00e4<\/td>\n<td><a href=\"http:\/\/www.lansirajanrasti.fi\/www\/files\/rajarastit\/2013\/t09072013.html\">Tulokset<\/a><\/td>\n<td><a href=\"http:\/\/www.lansirajanrasti.fi\/www\/files\/rajarastit\/2013\/v09072013.html\">V\u00e4liajat<\/a><\/td>\n<\/tr>\n<tr>\n<td height=\"21\">16.7.2013<\/td>\n<td>Ojaladalen<\/td>\n<td>\u00d6IF<\/td>\n<td>Pistooliampumarata, vt. 99 2 km etel\u00e4\u00e4n<\/td>\n<td><a href=\"http:\/\/www.lansirajanrasti.fi\/www\/files\/rajarastit\/2013\/t16072013.htm\">Tulokset<\/a><\/td>\n<td><a href=\"http:\/\/www.lansirajanrasti.fi\/www\/files\/rajarastit\/2013\/v16072013.htm\">V\u00e4liajat<\/a><\/td>\n<\/tr>\n<tr>\n<td height=\"21\">23.7.2013<\/td>\n<td>Palovaara<\/td>\n<td>L\u00e4nRa<\/td>\n<td>Ylitornion keskusta\/Alkkulanraitti<\/td>\n<td><a href=\"http:\/\/www.lansirajanrasti.fi\/www\/files\/rajarastit\/2013\/t23072013.htm\">Tulokset<\/a><\/td>\n<td><\/td>\n<\/tr>\n<tr>\n<td height=\"21\">30.7.2013<\/td>\n<td>Jukulaj\u00e4rvi<\/td>\n<td>\u00d6IF<\/td>\n<td>Vt. 99 8 km etel\u00e4\u00e4n<\/td>\n<td><a href=\"http:\/\/www.lansirajanrasti.fi\/www\/files\/rajarastit\/2013\/t30072013.htm\">Tulokset<\/a><\/td>\n<td><a href=\"http:\/\/www.lansirajanrasti.fi\/www\/files\/rajarastit\/2013\/v30072013.htm\">V\u00e4liajat<\/a><\/td>\n<\/tr>\n<tr>\n<td height=\"21\">6.8.2013<\/td>\n<td>Etel\u00e4-Portimo<\/td>\n<td>L\u00e4nRa<\/td>\n<td>Muurolantielt\u00e4<\/td>\n<td><a href=\"http:\/\/www.lansirajanrasti.fi\/www\/files\/rajarastit\/2013\/t06082013.html\">Tulokset<\/a><\/td>\n<td><a href=\"http:\/\/www.lansirajanrasti.fi\/www\/files\/rajarastit\/2013\/v06082013.html\">V\u00e4liajat<\/a><\/td>\n<\/tr>\n<tr>\n<td height=\"21\">13.8.2013<\/td>\n<td>Turovaara<\/td>\n<td>\u00d6IF<\/td>\n<td>Orjasj\u00e4rventie, 2 km l\u00e4nteen<\/td>\n<td><a href=\"http:\/\/www.lansirajanrasti.fi\/www\/files\/rajarastit\/2013\/t13082013.htm\">Tulokset<\/a><\/td>\n<td><a href=\"http:\/\/www.lansirajanrasti.fi\/www\/files\/rajarastit\/2013\/v13082013.htm\">V\u00e4liajat<\/a><\/td>\n<\/tr>\n<tr>\n<td height=\"21\">20.8.2013<\/td>\n<td>Turovaara<\/td>\n<td>\u00d6IF<\/td>\n<td>Orjasj\u00e4rventie, 2 km l\u00e4nteen<\/td>\n<td><a href=\"http:\/\/www.lansirajanrasti.fi\/www\/files\/rajarastit\/2013\/t20082013.txt\">Tulokset<\/a><\/td>\n<td><\/td>\n<\/tr>\n<tr>\n<td height=\"21\">su 25.8.2013<\/td>\n<td>30-vuotis juhlarastit, Aavasaksa<\/td>\n<td>L\u00e4nRa<\/td>\n<td>Rovaniementielt\u00e4<\/td>\n<td><a href=\"http:\/\/www.lansirajanrasti.fi\/www\/files\/rajarastit\/2013\/t25082013.html\">Tulokset<\/a><\/td>\n<td><\/td>\n<\/tr>\n<tr>\n<td height=\"21\">27.8.2013<\/td>\n<td>Onkij\u00e4rvi<\/td>\n<td>\u00d6IF<\/td>\n<td>Vt. 99 5 km etel\u00e4\u00e4n<\/td>\n<td><a href=\"http:\/\/www.lansirajanrasti.fi\/www\/files\/rajarastit\/2013\/t27082013.htm\">Tulokset<\/a><\/td>\n<td><a href=\"http:\/\/www.lansirajanrasti.fi\/www\/files\/rajarastit\/2013\/v27082013.htm\">V\u00e4liajat<\/a><\/td>\n<\/tr>\n<tr>\n<td height=\"21\">3.9.2013<\/td>\n<td>Kauliranta<\/td>\n<td>L\u00e4nRa<\/td>\n<td>Vt. 21 18 km Ylitorniolta pohjoiseen<\/td>\n<td><a href=\"http:\/\/www.lansirajanrasti.fi\/www\/files\/rajarastit\/2013\/t03092013.htm\">Tulokset<\/a><\/td>\n<td><\/td>\n<\/tr>\n<tr>\n<td height=\"21\">10.9.2013<\/td>\n<td>Isovaara<\/td>\n<td>\u00d6IF<\/td>\n<td>Matarengin urheilukentt\u00e4<\/td>\n<td><a href=\"http:\/\/www.lansirajanrasti.fi\/www\/files\/rajarastit\/2013\/t10092013.htm\">Tulokset<\/a><\/td>\n<td><a href=\"http:\/\/www.lansirajanrasti.fi\/www\/files\/rajarastit\/2013\/v10092013.htm\">V\u00e4liajat<\/a><\/td>\n<\/tr>\n<tr>\n<td height=\"21\">17.9.2013<\/td>\n<td>Aavasaksa<\/td>\n<td>L\u00e4nRa<\/td>\n<td>Rovaniementielt\u00e4<\/td>\n<td><a href=\"http:\/\/www.lansirajanrasti.fi\/www\/files\/rajarastit\/2013\/t17092013.html\">Tulokset<\/a><\/td>\n<td><a href=\"http:\/\/www.lansirajanrasti.fi\/www\/files\/rajarastit\/2013\/v17092013.html\">V\u00e4liajat<\/a><\/td>\n<\/tr>\n<\/tbody>\n<\/table>\n","protected":false},"excerpt":{"rendered":"<p>&nbsp; J\u00e4rjest\u00e4v\u00e4t seurat:\u00a0L\u00e4nRa ja \u00d6IF Yhteyshenkil\u00f6:\u00a0Marja\u00a0 Matila, puh. 040 5719527 Aika:\u00a0Tiistaisin, l\u00e4hd\u00f6t klo 18-19 Suomen aikaa Maksut:\u00a04\u20ac\/35 SEK, alle 16v. ilmaiseksi Tiedotus:\u00a0Edellisen viikon Me\u00e4n Tornionlaakso -lehti ja iltarastip\u00e4iv\u00e4n Pohjolan Sanomat Rajarasteille osallistuneiden kesken arvotaan ostokortteja 50 \u20ac, periaatteena &#8221;arvonta niiden kesken, jotka osallistuvat v\u00e4hint\u00e4\u00e4n kolme kertaa, sen j\u00e4lkeisist\u00e4 kerroista saa aina lis\u00e4arvan\/kerta.&#8221; Arvonta erikseen yli\u2026 <span class=\"read-more\"><a href=\"http:\/\/www.lansirajanrasti.fi\/wordpress\/kuntosuunnistus\/arkisto\/rajarastit\/\">Read More &raquo;<\/a><\/span><\/p>\n","protected":false},"author":4,"featured_media":0,"parent":61,"menu_order":0,"comment_status":"open","ping_status":"open","template":"","meta":{"footnotes":""},"_links":{"self":[{"href":"http:\/\/www.lansirajanrasti.fi\/wordpress\/wp-json\/wp\/v2\/pages\/16"}],"collection":[{"href":"http:\/\/www.lansirajanrasti.fi\/wordpress\/wp-json\/wp\/v2\/pages"}],"about":[{"href":"http:\/\/www.lansirajanrasti.fi\/wordpress\/wp-json\/wp\/v2\/types\/page"}],"author":[{"embeddable":true,"href":"http:\/\/www.lansirajanrasti.fi\/wordpress\/wp-json\/wp\/v2\/users\/4"}],"replies":[{"embeddable":true,"href":"http:\/\/www.lansirajanrasti.fi\/wordpress\/wp-json\/wp\/v2\/comments?post=16"}],"version-history":[{"count":12,"href":"http:\/\/www.lansirajanrasti.fi\/wordpress\/wp-json\/wp\/v2\/pages\/16\/revisions"}],"predecessor-version":[{"id":77,"href":"http:\/\/www.lansirajanrasti.fi\/wordpress\/wp-json\/wp\/v2\/pages\/16\/revisions\/77"}],"up":[{"embeddable":true,"href":"http:\/\/www.lansirajanrasti.fi\/wordpress\/wp-json\/wp\/v2\/pages\/61"}],"wp:attachment":[{"href":"http:\/\/www.lansirajanrasti.fi\/wordpress\/wp-json\/wp\/v2\/media?parent=16"}],"curies":[{"name":"wp","href":"https:\/\/api.w.org\/{rel}","templated":true}]}}