{"id":143,"date":"2014-04-10T14:40:36","date_gmt":"2014-04-10T11:40:36","guid":{"rendered":"http:\/\/www.lansirajanrasti.fi\/wordpress\/?page_id=143"},"modified":"2024-07-31T14:41:29","modified_gmt":"2024-07-31T11:41:29","slug":"rajarastit-2014","status":"publish","type":"page","link":"http:\/\/www.lansirajanrasti.fi\/wordpress\/kuntosuunnistus\/arkisto\/rajarastit-2014\/","title":{"rendered":"Rajarastit 2014"},"content":{"rendered":"<p><strong>J\u00e4rjest\u00e4v\u00e4t seurat:\u00a0<\/strong>L\u00e4nRa ja \u00d6IF <strong>Yhteyshenkil\u00f6:\u00a0<\/strong>Marja Matila, puh. 040 571 9527 <strong>Aika:\u00a0<\/strong>Tiistaisin, l\u00e4hd\u00f6t klo 18-19 Suomen aikaa <strong>Maksut:\u00a0<\/strong>4\u20ac \/ 35SEK, alle 16v. ilmaiseksi <strong>Tiedotus:\u00a0<\/strong>Edellisen viikon Me\u00e4n Tornionlaakso -lehti ja iltarastip\u00e4iv\u00e4n Pohjolan Sanomat <b>Radat:\u00a0<\/b>Kolme eripituista ja eri taitotasoista rataa, sek\u00e4 rastireitti ja tukireitti tai eritt\u00e4in helppo rata Rajarasteille osallistuneiden kesken arvotaan 50\u20ac ostokortteja periaatteena &#8221;arvonta niiden kesken, jotka osallistuvat v\u00e4hint\u00e4\u00e4n 3 kertaa. Sen j\u00e4lkeisist\u00e4 kerroista saa aina lis\u00e4arvan \/ kerta. Arvonta erikseen alle ja yli 16-vuotiaille. Aikuisista ja nuorista eniten rasteilla k\u00e4ynyt palkitaan, tasatilanteessa k\u00e4ytet\u00e4\u00e4n arpaa. Ratamestarina toimiminen lasketaan mukaan.<\/p>\n<table border=\"0\" width=\"874\" cellspacing=\"0\" cellpadding=\"0\">\n<colgroup>\n<col width=\"84\" \/>\n<col width=\"172\" \/>\n<col width=\"80\" \/>\n<col width=\"302\" \/>\n<col span=\"2\" width=\"118\" \/> <\/colgroup>\n<tbody>\n<tr>\n<td width=\"84\" height=\"26\">6.5.2014<\/td>\n<td width=\"172\">Kuntotalo<\/td>\n<td width=\"60\">L\u00e4nRa<\/td>\n<td width=\"302\">Ylitornion keskusta \/ Alkkulanraitti<\/td>\n<td width=\"118\">\u00a0<a href=\"http:\/\/www.lansirajanrasti.fi\/wordpress\/wp-content\/uploads\/2014\/04\/t06052014.html\">Tulokset<\/a><\/td>\n<td width=\"118\"><a href=\"http:\/\/www.lansirajanrasti.fi\/wordpress\/wp-content\/uploads\/2014\/04\/v06052014.html\">V\u00e4liajat<\/a><\/td>\n<\/tr>\n<tr>\n<td height=\"26\">13.5.2014<\/td>\n<td>Matarengi<\/td>\n<td>\u00d6IF<\/td>\n<td>Matarengin urheilukentt\u00e4<\/td>\n<td>\u00a0<a href=\"http:\/\/www.lansirajanrasti.fi\/wordpress\/wp-content\/uploads\/2014\/04\/t13052014.htm\">Tulokset<\/a><\/td>\n<td><a href=\"http:\/\/www.lansirajanrasti.fi\/wordpress\/wp-content\/uploads\/2014\/04\/v13052014.htm\">V\u00e4liajat<\/a><\/td>\n<\/tr>\n<tr>\n<td height=\"26\">20.5.2014<\/td>\n<td>Poikkilahti<\/td>\n<td>L\u00e4nRa<\/td>\n<td>Vt. 21, 15 km Ylitorniolta etel\u00e4\u00e4n<\/td>\n<td>\u00a0<a href=\"http:\/\/www.lansirajanrasti.fi\/wordpress\/wp-content\/uploads\/2014\/04\/t20052014.html\">Tulokset<\/a><\/td>\n<td><a href=\"http:\/\/www.lansirajanrasti.fi\/wordpress\/wp-content\/uploads\/2014\/04\/v20052014.html\">V\u00e4liajat<\/a><\/td>\n<\/tr>\n<tr>\n<td height=\"26\">27.5.2014<\/td>\n<td>Koivukyl\u00e4<\/td>\n<td>\u00d6IF<\/td>\n<td><span style=\"color: #222222;\">rv 99 20 km Matarengist\u00e4 etel\u00e4\u00e4n<\/span><\/td>\n<td>\u00a0<a href=\"http:\/\/www.lansirajanrasti.fi\/wordpress\/wp-content\/uploads\/2014\/04\/t27052014.htm\">Tulokset<\/a><\/td>\n<td><\/td>\n<\/tr>\n<tr>\n<td height=\"26\">3.6.2014<\/td>\n<td>Palovaara<\/td>\n<td>L\u00e4nRa<\/td>\n<td>Ylitornion keskusta\/Alkkulanraitti<\/td>\n<td>\u00a0<a href=\"http:\/\/www.lansirajanrasti.fi\/wordpress\/wp-content\/uploads\/2014\/04\/t140603.html\">Tulokset<\/a><\/td>\n<td><a href=\"http:\/\/www.lansirajanrasti.fi\/wordpress\/wp-content\/uploads\/2014\/04\/v140603.html\">V\u00e4liajat<\/a><\/td>\n<\/tr>\n<tr>\n<td height=\"26\">10.6.2014<\/td>\n<td>Ruskola<\/td>\n<td>\u00d6IF<\/td>\n<td>Ruskolan hiihtomaja, 3km Rv 99 etel\u00e4\u00e4n<\/td>\n<td>\u00a0<a href=\"http:\/\/www.lansirajanrasti.fi\/wordpress\/wp-content\/uploads\/2014\/04\/t10062014.htm\">Tulokset<\/a><\/td>\n<td><a href=\"http:\/\/www.lansirajanrasti.fi\/wordpress\/wp-content\/uploads\/2014\/04\/v10062014.htm\">V\u00e4liajat<\/a><\/td>\n<\/tr>\n<tr>\n<td height=\"26\">17.6.2014<\/td>\n<td>Viisavaara\/Ehovaara<\/td>\n<td>L\u00e4nRa<\/td>\n<td>Ylitornion keskusta\/Alkkulanraitin pohjoisp\u00e4\u00e4<\/td>\n<td>\u00a0<a href=\"http:\/\/www.lansirajanrasti.fi\/wordpress\/wp-content\/uploads\/2014\/04\/t140617.html\">Tulokset<\/a><\/td>\n<td><a href=\"http:\/\/www.lansirajanrasti.fi\/wordpress\/wp-content\/uploads\/2014\/04\/v140617.html\">V\u00e4liajat<\/a><\/td>\n<\/tr>\n<tr>\n<td height=\"24\">24.6.2014<\/td>\n<td>Onkij\u00e4rvi<\/td>\n<td>\u00d6IF<\/td>\n<td>Rv 99 5km etel\u00e4\u00e4n<\/td>\n<td>\u00a0<a href=\"http:\/\/www.lansirajanrasti.fi\/wordpress\/wp-content\/uploads\/2014\/04\/t140624.htm\">Tulokset<\/a><\/td>\n<td><a href=\"http:\/\/www.lansirajanrasti.fi\/wordpress\/wp-content\/uploads\/2014\/04\/v140624.htm\">V\u00e4liajat<\/a><\/td>\n<\/tr>\n<tr>\n<td height=\"24\">1.7.2014<\/td>\n<td>Kauliranta \/ Outilonvaara<\/td>\n<td>L\u00e4nRa<\/td>\n<td>Vt. 21 18 km Ylitorniolta pohjoiseen<\/td>\n<td>\u00a0<a href=\"http:\/\/www.lansirajanrasti.fi\/wordpress\/wp-content\/uploads\/2014\/04\/t140701.html\">Tulokset<\/a><\/td>\n<td><a href=\"http:\/\/www.lansirajanrasti.fi\/wordpress\/wp-content\/uploads\/2014\/04\/v140701.html\">V\u00e4liajat<\/a><\/td>\n<\/tr>\n<tr>\n<td height=\"26\">8.7.2014<\/td>\n<td>Jukulaj\u00e4rvi<\/td>\n<td>\u00d6IF<\/td>\n<td>Rv 99 8 km etel\u00e4\u00e4n<\/td>\n<td>\u00a0<a href=\"http:\/\/www.lansirajanrasti.fi\/wordpress\/wp-content\/uploads\/2014\/04\/t1407081.htm\">Tulokset<\/a><\/td>\n<td><a href=\"http:\/\/www.lansirajanrasti.fi\/wordpress\/wp-content\/uploads\/2014\/04\/v1407081.htm\">V\u00e4liajat<\/a><\/td>\n<\/tr>\n<tr>\n<td height=\"26\">15.7.2014<\/td>\n<td>Ainiovaara<\/td>\n<td>L\u00e4nRa<\/td>\n<td>Ylitornion keskusta \/ Alkkulanraitti<\/td>\n<td>\u00a0<a href=\"http:\/\/www.lansirajanrasti.fi\/wordpress\/wp-content\/uploads\/2014\/04\/t20140715.html\">Tulokset<\/a><\/td>\n<td><a href=\"http:\/\/www.lansirajanrasti.fi\/wordpress\/wp-content\/uploads\/2014\/04\/v20140715.html\">V\u00e4liajat<\/a><\/td>\n<\/tr>\n<tr>\n<td height=\"26\">22.7.2014<\/td>\n<td>Onkij\u00e4rvi<\/td>\n<td>\u00d6IF<\/td>\n<td>Rv 99 5km etel\u00e4\u00e4n<\/td>\n<td>\u00a0<a href=\"http:\/\/www.lansirajanrasti.fi\/wordpress\/wp-content\/uploads\/2014\/04\/t20140722.htm\">Tulokset<\/a><\/td>\n<td><a href=\"http:\/\/www.lansirajanrasti.fi\/wordpress\/wp-content\/uploads\/2014\/04\/v20140722.htm\">V\u00e4liajat<\/a><\/td>\n<\/tr>\n<tr>\n<td height=\"29\">29.7.2014<\/td>\n<td width=\"172\">Etel\u00e4-Portimo<\/td>\n<td width=\"80\">L\u00e4nRa<\/td>\n<td>Muurolantielt\u00e4<\/td>\n<td>\u00a0<a href=\"http:\/\/www.lansirajanrasti.fi\/wordpress\/wp-content\/uploads\/2014\/04\/t20140729.htm\">Tulokset<\/a><\/td>\n<td><\/td>\n<\/tr>\n<tr>\n<td height=\"26\">5.8.2014<\/td>\n<td>Ojala<\/td>\n<td>\u00d6IF<\/td>\n<td>Pistooliampumarata, Rv 99 2 km etel\u00e4\u00e4n<\/td>\n<td>\u00a0<a href=\"http:\/\/www.lansirajanrasti.fi\/wordpress\/wp-content\/uploads\/2014\/04\/t20140805.htm\">Tulokset<\/a><\/td>\n<td><a href=\"http:\/\/www.lansirajanrasti.fi\/wordpress\/wp-content\/uploads\/2014\/04\/v20140805.htm\">V\u00e4liajat<\/a><\/td>\n<\/tr>\n<tr>\n<td height=\"26\">12.8.2014<\/td>\n<td width=\"172\">Viisavaara\/Ehovaara<\/td>\n<td width=\"80\">L\u00e4nRa<\/td>\n<td>Ylitornion keskusta\/Alkkulanraitin pohjoisp\u00e4\u00e4<\/td>\n<td>\u00a0<a href=\"http:\/\/www.lansirajanrasti.fi\/wordpress\/wp-content\/uploads\/2014\/04\/t20140812.html\">Tulokset<\/a><\/td>\n<td><a href=\"http:\/\/www.lansirajanrasti.fi\/wordpress\/wp-content\/uploads\/2014\/04\/v20140812.html\">V\u00e4liajat<\/a><\/td>\n<\/tr>\n<tr>\n<td height=\"26\">19.8.2014<\/td>\n<td>Turovaara<\/td>\n<td>\u00d6IF<\/td>\n<td>Orjasj\u00e4rventie, 2km l\u00e4nteen kirkonkyl\u00e4lt\u00e4<\/td>\n<td>\u00a0<a href=\"http:\/\/www.lansirajanrasti.fi\/wordpress\/wp-content\/uploads\/2014\/04\/t20140819.htm\">Tulokset<\/a><\/td>\n<td><a href=\"http:\/\/www.lansirajanrasti.fi\/wordpress\/wp-content\/uploads\/2014\/04\/v20140819.htm\">V\u00e4liajat<\/a><\/td>\n<\/tr>\n<tr>\n<td height=\"26\">26.8.2014<\/td>\n<td>Ainiovaara<\/td>\n<td width=\"80\">L\u00e4nRa<\/td>\n<td>Ylitornion keskusta\/Alkkulanraitti<\/td>\n<td>\u00a0<a href=\"http:\/\/www.lansirajanrasti.fi\/wordpress\/wp-content\/uploads\/2014\/04\/t20140826.html\">Tulokset<\/a><\/td>\n<td><a href=\"http:\/\/www.lansirajanrasti.fi\/wordpress\/wp-content\/uploads\/2014\/04\/v20140826.html\">V\u00e4liajat<\/a><\/td>\n<\/tr>\n<tr>\n<td height=\"26\">2.9.2014<\/td>\n<td>Kuivakangas<\/td>\n<td>\u00d6IF<\/td>\n<td>Rv 99 6 km pohjoiseen<\/td>\n<td>\u00a0<a href=\"http:\/\/www.lansirajanrasti.fi\/wordpress\/wp-content\/uploads\/2014\/04\/t20140902.htm\">Tulokset<\/a><\/td>\n<td><a href=\"http:\/\/www.lansirajanrasti.fi\/wordpress\/wp-content\/uploads\/2014\/04\/v20140902.htm\">V\u00e4liajat<\/a><\/td>\n<\/tr>\n<tr>\n<td height=\"26\">9.9.2014<\/td>\n<td>Kauliranta \/ Pahtanen<\/td>\n<td width=\"80\">L\u00e4nRa<\/td>\n<td><span style=\"color: #222222;\">Vt. 21 18 km Ylitorniolta pohjoiseen<\/span><\/td>\n<td>\u00a0<a href=\"http:\/\/www.lansirajanrasti.fi\/wordpress\/wp-content\/uploads\/2014\/04\/t20140909.html\">Tulokset<\/a><\/td>\n<td><a href=\"http:\/\/www.lansirajanrasti.fi\/wordpress\/wp-content\/uploads\/2014\/04\/v20140909.html\">V\u00e4liajat<\/a><\/td>\n<\/tr>\n<tr>\n<td height=\"26\">16.9.2014<\/td>\n<td>Isovaara<\/td>\n<td>\u00d6IF<\/td>\n<td>Matarengin urheilukentt\u00e4<\/td>\n<td>\u00a0<a href=\"http:\/\/www.lansirajanrasti.fi\/wordpress\/wp-content\/uploads\/2014\/04\/t20140916.htm\">Tulokset<\/a><\/td>\n<td><a href=\"http:\/\/www.lansirajanrasti.fi\/wordpress\/wp-content\/uploads\/2014\/04\/v20140916.htm\">V\u00e4liajat<\/a><\/td>\n<\/tr>\n<\/tbody>\n<\/table>\n<p>&nbsp;<\/p>\n","protected":false},"excerpt":{"rendered":"<p>J\u00e4rjest\u00e4v\u00e4t seurat:\u00a0L\u00e4nRa ja \u00d6IF Yhteyshenkil\u00f6:\u00a0Marja Matila, puh. 040 571 9527 Aika:\u00a0Tiistaisin, l\u00e4hd\u00f6t klo 18-19 Suomen aikaa Maksut:\u00a04\u20ac \/ 35SEK, alle 16v. ilmaiseksi Tiedotus:\u00a0Edellisen viikon Me\u00e4n Tornionlaakso -lehti ja iltarastip\u00e4iv\u00e4n Pohjolan Sanomat Radat:\u00a0Kolme eripituista ja eri taitotasoista rataa, sek\u00e4 rastireitti ja tukireitti tai eritt\u00e4in helppo rata Rajarasteille osallistuneiden kesken arvotaan 50\u20ac ostokortteja periaatteena &#8221;arvonta niiden kesken,\u2026 <span class=\"read-more\"><a href=\"http:\/\/www.lansirajanrasti.fi\/wordpress\/kuntosuunnistus\/arkisto\/rajarastit-2014\/\">Read More &raquo;<\/a><\/span><\/p>\n","protected":false},"author":4,"featured_media":0,"parent":61,"menu_order":1,"comment_status":"closed","ping_status":"closed","template":"","meta":{"footnotes":""},"_links":{"self":[{"href":"http:\/\/www.lansirajanrasti.fi\/wordpress\/wp-json\/wp\/v2\/pages\/143"}],"collection":[{"href":"http:\/\/www.lansirajanrasti.fi\/wordpress\/wp-json\/wp\/v2\/pages"}],"about":[{"href":"http:\/\/www.lansirajanrasti.fi\/wordpress\/wp-json\/wp\/v2\/types\/page"}],"author":[{"embeddable":true,"href":"http:\/\/www.lansirajanrasti.fi\/wordpress\/wp-json\/wp\/v2\/users\/4"}],"replies":[{"embeddable":true,"href":"http:\/\/www.lansirajanrasti.fi\/wordpress\/wp-json\/wp\/v2\/comments?post=143"}],"version-history":[{"count":27,"href":"http:\/\/www.lansirajanrasti.fi\/wordpress\/wp-json\/wp\/v2\/pages\/143\/revisions"}],"predecessor-version":[{"id":1944,"href":"http:\/\/www.lansirajanrasti.fi\/wordpress\/wp-json\/wp\/v2\/pages\/143\/revisions\/1944"}],"up":[{"embeddable":true,"href":"http:\/\/www.lansirajanrasti.fi\/wordpress\/wp-json\/wp\/v2\/pages\/61"}],"wp:attachment":[{"href":"http:\/\/www.lansirajanrasti.fi\/wordpress\/wp-json\/wp\/v2\/media?parent=143"}],"curies":[{"name":"wp","href":"https:\/\/api.w.org\/{rel}","templated":true}]}}